{"id":101,"date":"2026-03-18T14:37:50","date_gmt":"2026-03-18T14:37:50","guid":{"rendered":"https:\/\/thucuonghealthy.azdigi.shop\/?post_type=product&#038;p=101"},"modified":"2026-03-18T14:37:50","modified_gmt":"2026-03-18T14:37:50","slug":"smoothie-chuoi-dao","status":"publish","type":"product","link":"https:\/\/thucuonghealthy.azdigi.shop\/index.php\/san-pham\/smoothie-chuoi-dao\/","title":{"rendered":"Smoothie chu\u1ed1i \u0111\u00e0o"},"content":{"rendered":"<p>Sinh t\u1ed1 chu\u1ed1i \u0111\u00e0o l\u00e0 th\u1ee9c u\u1ed1ng b\u1ed5 d\u01b0\u1ee1ng, cung c\u1ea5p ngu\u1ed3n n\u0103ng l\u01b0\u1ee3ng t\u1ef1 nhi\u00ean, gi\u00e0u ch\u1ea5t x\u01a1 v\u00e0 kali, gi\u00fap h\u1ed7 tr\u1ee3 ti\u00eau h\u00f3a, l\u00e0m \u0111\u1eb9p da, t\u0103ng c\u01b0\u1eddng mi\u1ec5n d\u1ecbch v\u00e0 b\u1ed5 sung n\u0103ng l\u01b0\u1ee3ng nhanh ch\u00f3ng. S\u1ef1 k\u1ebft h\u1ee3p n\u00e0y mang l\u1ea1i h\u01b0\u01a1ng v\u1ecb thanh m\u00e1t, ng\u1ecdt d\u1ecbu, l\u00fd t\u01b0\u1edfng \u0111\u1ec3 gi\u1ea3i nhi\u1ec7t m\u00f9a h\u00e8 v\u00e0 ki\u1ec3m so\u00e1t c\u00e2n n\u1eb7ng.<\/p>\n","protected":false},"excerpt":{"rendered":"<p>Sinh t\u1ed1 chu\u1ed1i \u0111\u00e0o l\u00e0 th\u1ee9c u\u1ed1ng b\u1ed5 d\u01b0\u1ee1ng, cung c\u1ea5p ngu\u1ed3n n\u0103ng l\u01b0\u1ee3ng t\u1ef1 nhi\u00ean, gi\u00e0u ch\u1ea5t x\u01a1 v\u00e0 kali, gi\u00fap h\u1ed7 tr\u1ee3 ti\u00eau h\u00f3a, l\u00e0m \u0111\u1eb9p da, t\u0103ng c\u01b0\u1eddng mi\u1ec5n d\u1ecbch v\u00e0 b\u1ed5 sung n\u0103ng l\u01b0\u1ee3ng nhanh ch\u00f3ng. S\u1ef1 k\u1ebft h\u1ee3p n\u00e0y mang l\u1ea1i h\u01b0\u01a1ng v\u1ecb thanh m\u00e1t, ng\u1ecdt d\u1ecbu, l\u00fd t\u01b0\u1edfng \u0111\u1ec3 [&#8230;]\n","protected":false},"featured_media":102,"comment_status":"open","ping_status":"closed","template":"","meta":[],"product_brand":[],"product_cat":[16],"product_tag":[],"class_list":{"0":"post-101","1":"product","2":"type-product","3":"status-publish","4":"has-post-thumbnail","6":"product_cat-smoothie-trai-cay","8":"first","9":"instock","10":"sale","11":"shipping-taxable","12":"purchasable","13":"product-type-simple"},"yoast_head":"<!-- This site is optimized with the Yoast SEO plugin v27.2 - https:\/\/yoast.com\/product\/yoast-seo-wordpress\/ -->\n<title>Smoothie chu\u1ed1i \u0111\u00e0o - Th\u1ee9c u\u1ed1ng healthy th\u01a1m ngon gi\u00e0u vitamin<\/title>\n<meta name=\"description\" content=\"Smoothie chu\u1ed1i \u0111\u00e0o l\u00e0 s\u1ef1 k\u1ebft h\u1ee3p gi\u1eefa chu\u1ed1i ch\u00edn v\u00e0 \u0111\u00e0o t\u01b0\u01a1i, mang \u0111\u1ebfn h\u01b0\u01a1ng v\u1ecb ng\u1ecdt d\u1ecbu v\u00e0 b\u1ed5 d\u01b0\u1ee1ng, b\u1ed5 sung n\u0103ng l\u01b0\u1ee3ng cho c\u1ea3 ng\u00e0y\" \/>\n<meta name=\"robots\" content=\"index, follow, max-snippet:-1, max-image-preview:large, max-video-preview:-1\" \/>\n<link rel=\"canonical\" href=\"https:\/\/thucuonghealthy.azdigi.shop\/index.php\/san-pham\/smoothie-chuoi-dao\/\" \/>\n<meta property=\"og:locale\" content=\"vi_VN\" \/>\n<meta property=\"og:type\" content=\"article\" \/>\n<meta property=\"og:title\" content=\"Smoothie chu\u1ed1i \u0111\u00e0o - Th\u1ee9c u\u1ed1ng healthy th\u01a1m ngon gi\u00e0u vitamin\" \/>\n<meta property=\"og:description\" content=\"Smoothie chu\u1ed1i \u0111\u00e0o l\u00e0 s\u1ef1 k\u1ebft h\u1ee3p gi\u1eefa chu\u1ed1i ch\u00edn v\u00e0 \u0111\u00e0o t\u01b0\u01a1i, mang \u0111\u1ebfn h\u01b0\u01a1ng v\u1ecb ng\u1ecdt d\u1ecbu v\u00e0 b\u1ed5 d\u01b0\u1ee1ng, b\u1ed5 sung n\u0103ng l\u01b0\u1ee3ng cho c\u1ea3 ng\u00e0y\" \/>\n<meta property=\"og:url\" content=\"https:\/\/thucuonghealthy.azdigi.shop\/index.php\/san-pham\/smoothie-chuoi-dao\/\" \/>\n<meta property=\"og:site_name\" content=\"thucuonghealthy\" \/>\n<meta property=\"og:image\" content=\"https:\/\/thucuonghealthy.azdigi.shop\/wp-content\/uploads\/2026\/03\/z7603672218307_7990da93ebc0ea5552cb0eeec7508dd3.jpg\" \/>\n\t<meta property=\"og:image:width\" content=\"1024\" \/>\n\t<meta property=\"og:image:height\" content=\"1024\" \/>\n\t<meta property=\"og:image:type\" content=\"image\/jpeg\" \/>\n<meta name=\"twitter:card\" content=\"summary_large_image\" \/>\n<meta name=\"twitter:label1\" content=\"\u01af\u1edbc t\u00ednh th\u1eddi gian \u0111\u1ecdc\" \/>\n\t<meta name=\"twitter:data1\" content=\"1 ph\u00fat\" \/>\n<script type=\"application\/ld+json\" class=\"yoast-schema-graph\">{\"@context\":\"https:\/\/schema.org\",\"@graph\":[{\"@type\":\"WebPage\",\"@id\":\"https:\/\/thucuonghealthy.azdigi.shop\/index.php\/san-pham\/smoothie-chuoi-dao\/\",\"url\":\"https:\/\/thucuonghealthy.azdigi.shop\/index.php\/san-pham\/smoothie-chuoi-dao\/\",\"name\":\"Smoothie chu\u1ed1i \u0111\u00e0o - Th\u1ee9c u\u1ed1ng healthy th\u01a1m ngon gi\u00e0u vitamin\",\"isPartOf\":{\"@id\":\"https:\/\/thucuonghealthy.azdigi.shop\/#website\"},\"primaryImageOfPage\":{\"@id\":\"https:\/\/thucuonghealthy.azdigi.shop\/index.php\/san-pham\/smoothie-chuoi-dao\/#primaryimage\"},\"image\":{\"@id\":\"https:\/\/thucuonghealthy.azdigi.shop\/index.php\/san-pham\/smoothie-chuoi-dao\/#primaryimage\"},\"thumbnailUrl\":\"https:\/\/thucuonghealthy.azdigi.shop\/wp-content\/uploads\/2026\/03\/z7603672218307_7990da93ebc0ea5552cb0eeec7508dd3.jpg\",\"datePublished\":\"2026-03-18T14:37:50+00:00\",\"description\":\"Smoothie chu\u1ed1i \u0111\u00e0o l\u00e0 s\u1ef1 k\u1ebft h\u1ee3p gi\u1eefa chu\u1ed1i ch\u00edn v\u00e0 \u0111\u00e0o t\u01b0\u01a1i, mang \u0111\u1ebfn h\u01b0\u01a1ng v\u1ecb ng\u1ecdt d\u1ecbu v\u00e0 b\u1ed5 d\u01b0\u1ee1ng, b\u1ed5 sung n\u0103ng l\u01b0\u1ee3ng cho c\u1ea3 ng\u00e0y\",\"breadcrumb\":{\"@id\":\"https:\/\/thucuonghealthy.azdigi.shop\/index.php\/san-pham\/smoothie-chuoi-dao\/#breadcrumb\"},\"inLanguage\":\"vi\",\"potentialAction\":[{\"@type\":\"ReadAction\",\"target\":[\"https:\/\/thucuonghealthy.azdigi.shop\/index.php\/san-pham\/smoothie-chuoi-dao\/\"]}]},{\"@type\":\"ImageObject\",\"inLanguage\":\"vi\",\"@id\":\"https:\/\/thucuonghealthy.azdigi.shop\/index.php\/san-pham\/smoothie-chuoi-dao\/#primaryimage\",\"url\":\"https:\/\/thucuonghealthy.azdigi.shop\/wp-content\/uploads\/2026\/03\/z7603672218307_7990da93ebc0ea5552cb0eeec7508dd3.jpg\",\"contentUrl\":\"https:\/\/thucuonghealthy.azdigi.shop\/wp-content\/uploads\/2026\/03\/z7603672218307_7990da93ebc0ea5552cb0eeec7508dd3.jpg\",\"width\":1024,\"height\":1024,\"caption\":\"Smoothie chu\u1ed1i \u0111\u00e0o\"},{\"@type\":\"BreadcrumbList\",\"@id\":\"https:\/\/thucuonghealthy.azdigi.shop\/index.php\/san-pham\/smoothie-chuoi-dao\/#breadcrumb\",\"itemListElement\":[{\"@type\":\"ListItem\",\"position\":1,\"name\":\"Trang ch\u1ee7\",\"item\":\"https:\/\/thucuonghealthy.azdigi.shop\/\"},{\"@type\":\"ListItem\",\"position\":2,\"name\":\"C\u1eeda h\u00e0ng\",\"item\":\"https:\/\/thucuonghealthy.azdigi.shop\/index.php\/cua-hang\/\"},{\"@type\":\"ListItem\",\"position\":3,\"name\":\"Smoothie chu\u1ed1i \u0111\u00e0o\"}]},{\"@type\":\"WebSite\",\"@id\":\"https:\/\/thucuonghealthy.azdigi.shop\/#website\",\"url\":\"https:\/\/thucuonghealthy.azdigi.shop\/\",\"name\":\"thucuonghealthy\",\"description\":\"N\u1eb7ng l\u01b0\u1ee3ng xanh cho ng\u00e0y m\u1edbi\",\"potentialAction\":[{\"@type\":\"SearchAction\",\"target\":{\"@type\":\"EntryPoint\",\"urlTemplate\":\"https:\/\/thucuonghealthy.azdigi.shop\/?s={search_term_string}\"},\"query-input\":{\"@type\":\"PropertyValueSpecification\",\"valueRequired\":true,\"valueName\":\"search_term_string\"}}],\"inLanguage\":\"vi\"}]}<\/script>\n<!-- \/ Yoast SEO plugin. -->","yoast_head_json":{"title":"Smoothie chu\u1ed1i \u0111\u00e0o - Th\u1ee9c u\u1ed1ng healthy th\u01a1m ngon gi\u00e0u vitamin","description":"Smoothie chu\u1ed1i \u0111\u00e0o l\u00e0 s\u1ef1 k\u1ebft h\u1ee3p gi\u1eefa chu\u1ed1i ch\u00edn v\u00e0 \u0111\u00e0o t\u01b0\u01a1i, mang \u0111\u1ebfn h\u01b0\u01a1ng v\u1ecb ng\u1ecdt d\u1ecbu v\u00e0 b\u1ed5 d\u01b0\u1ee1ng, b\u1ed5 sung n\u0103ng l\u01b0\u1ee3ng cho c\u1ea3 ng\u00e0y","robots":{"index":"index","follow":"follow","max-snippet":"max-snippet:-1","max-image-preview":"max-image-preview:large","max-video-preview":"max-video-preview:-1"},"canonical":"https:\/\/thucuonghealthy.azdigi.shop\/index.php\/san-pham\/smoothie-chuoi-dao\/","og_locale":"vi_VN","og_type":"article","og_title":"Smoothie chu\u1ed1i \u0111\u00e0o - Th\u1ee9c u\u1ed1ng healthy th\u01a1m ngon gi\u00e0u vitamin","og_description":"Smoothie chu\u1ed1i \u0111\u00e0o l\u00e0 s\u1ef1 k\u1ebft h\u1ee3p gi\u1eefa chu\u1ed1i ch\u00edn v\u00e0 \u0111\u00e0o t\u01b0\u01a1i, mang \u0111\u1ebfn h\u01b0\u01a1ng v\u1ecb ng\u1ecdt d\u1ecbu v\u00e0 b\u1ed5 d\u01b0\u1ee1ng, b\u1ed5 sung n\u0103ng l\u01b0\u1ee3ng cho c\u1ea3 ng\u00e0y","og_url":"https:\/\/thucuonghealthy.azdigi.shop\/index.php\/san-pham\/smoothie-chuoi-dao\/","og_site_name":"thucuonghealthy","og_image":[{"width":1024,"height":1024,"url":"https:\/\/thucuonghealthy.azdigi.shop\/wp-content\/uploads\/2026\/03\/z7603672218307_7990da93ebc0ea5552cb0eeec7508dd3.jpg","type":"image\/jpeg"}],"twitter_card":"summary_large_image","twitter_misc":{"\u01af\u1edbc t\u00ednh th\u1eddi gian \u0111\u1ecdc":"1 ph\u00fat"},"schema":{"@context":"https:\/\/schema.org","@graph":[{"@type":"WebPage","@id":"https:\/\/thucuonghealthy.azdigi.shop\/index.php\/san-pham\/smoothie-chuoi-dao\/","url":"https:\/\/thucuonghealthy.azdigi.shop\/index.php\/san-pham\/smoothie-chuoi-dao\/","name":"Smoothie chu\u1ed1i \u0111\u00e0o - Th\u1ee9c u\u1ed1ng healthy th\u01a1m ngon gi\u00e0u vitamin","isPartOf":{"@id":"https:\/\/thucuonghealthy.azdigi.shop\/#website"},"primaryImageOfPage":{"@id":"https:\/\/thucuonghealthy.azdigi.shop\/index.php\/san-pham\/smoothie-chuoi-dao\/#primaryimage"},"image":{"@id":"https:\/\/thucuonghealthy.azdigi.shop\/index.php\/san-pham\/smoothie-chuoi-dao\/#primaryimage"},"thumbnailUrl":"https:\/\/thucuonghealthy.azdigi.shop\/wp-content\/uploads\/2026\/03\/z7603672218307_7990da93ebc0ea5552cb0eeec7508dd3.jpg","datePublished":"2026-03-18T14:37:50+00:00","description":"Smoothie chu\u1ed1i \u0111\u00e0o l\u00e0 s\u1ef1 k\u1ebft h\u1ee3p gi\u1eefa chu\u1ed1i ch\u00edn v\u00e0 \u0111\u00e0o t\u01b0\u01a1i, mang \u0111\u1ebfn h\u01b0\u01a1ng v\u1ecb ng\u1ecdt d\u1ecbu v\u00e0 b\u1ed5 d\u01b0\u1ee1ng, b\u1ed5 sung n\u0103ng l\u01b0\u1ee3ng cho c\u1ea3 ng\u00e0y","breadcrumb":{"@id":"https:\/\/thucuonghealthy.azdigi.shop\/index.php\/san-pham\/smoothie-chuoi-dao\/#breadcrumb"},"inLanguage":"vi","potentialAction":[{"@type":"ReadAction","target":["https:\/\/thucuonghealthy.azdigi.shop\/index.php\/san-pham\/smoothie-chuoi-dao\/"]}]},{"@type":"ImageObject","inLanguage":"vi","@id":"https:\/\/thucuonghealthy.azdigi.shop\/index.php\/san-pham\/smoothie-chuoi-dao\/#primaryimage","url":"https:\/\/thucuonghealthy.azdigi.shop\/wp-content\/uploads\/2026\/03\/z7603672218307_7990da93ebc0ea5552cb0eeec7508dd3.jpg","contentUrl":"https:\/\/thucuonghealthy.azdigi.shop\/wp-content\/uploads\/2026\/03\/z7603672218307_7990da93ebc0ea5552cb0eeec7508dd3.jpg","width":1024,"height":1024,"caption":"Smoothie chu\u1ed1i \u0111\u00e0o"},{"@type":"BreadcrumbList","@id":"https:\/\/thucuonghealthy.azdigi.shop\/index.php\/san-pham\/smoothie-chuoi-dao\/#breadcrumb","itemListElement":[{"@type":"ListItem","position":1,"name":"Trang ch\u1ee7","item":"https:\/\/thucuonghealthy.azdigi.shop\/"},{"@type":"ListItem","position":2,"name":"C\u1eeda h\u00e0ng","item":"https:\/\/thucuonghealthy.azdigi.shop\/index.php\/cua-hang\/"},{"@type":"ListItem","position":3,"name":"Smoothie chu\u1ed1i \u0111\u00e0o"}]},{"@type":"WebSite","@id":"https:\/\/thucuonghealthy.azdigi.shop\/#website","url":"https:\/\/thucuonghealthy.azdigi.shop\/","name":"thucuonghealthy","description":"N\u1eb7ng l\u01b0\u1ee3ng xanh cho ng\u00e0y m\u1edbi","potentialAction":[{"@type":"SearchAction","target":{"@type":"EntryPoint","urlTemplate":"https:\/\/thucuonghealthy.azdigi.shop\/?s={search_term_string}"},"query-input":{"@type":"PropertyValueSpecification","valueRequired":true,"valueName":"search_term_string"}}],"inLanguage":"vi"}]}},"_links":{"self":[{"href":"https:\/\/thucuonghealthy.azdigi.shop\/index.php\/wp-json\/wp\/v2\/product\/101","targetHints":{"allow":["GET"]}}],"collection":[{"href":"https:\/\/thucuonghealthy.azdigi.shop\/index.php\/wp-json\/wp\/v2\/product"}],"about":[{"href":"https:\/\/thucuonghealthy.azdigi.shop\/index.php\/wp-json\/wp\/v2\/types\/product"}],"replies":[{"embeddable":true,"href":"https:\/\/thucuonghealthy.azdigi.shop\/index.php\/wp-json\/wp\/v2\/comments?post=101"}],"wp:featuredmedia":[{"embeddable":true,"href":"https:\/\/thucuonghealthy.azdigi.shop\/index.php\/wp-json\/wp\/v2\/media\/102"}],"wp:attachment":[{"href":"https:\/\/thucuonghealthy.azdigi.shop\/index.php\/wp-json\/wp\/v2\/media?parent=101"}],"wp:term":[{"taxonomy":"product_brand","embeddable":true,"href":"https:\/\/thucuonghealthy.azdigi.shop\/index.php\/wp-json\/wp\/v2\/product_brand?post=101"},{"taxonomy":"product_cat","embeddable":true,"href":"https:\/\/thucuonghealthy.azdigi.shop\/index.php\/wp-json\/wp\/v2\/product_cat?post=101"},{"taxonomy":"product_tag","embeddable":true,"href":"https:\/\/thucuonghealthy.azdigi.shop\/index.php\/wp-json\/wp\/v2\/product_tag?post=101"}],"curies":[{"name":"wp","href":"https:\/\/api.w.org\/{rel}","templated":true}]}}