{"id":108,"date":"2026-03-18T14:47:15","date_gmt":"2026-03-18T14:47:15","guid":{"rendered":"https:\/\/thucuonghealthy.azdigi.shop\/?post_type=product&#038;p=108"},"modified":"2026-04-02T10:00:20","modified_gmt":"2026-04-02T10:00:20","slug":"smoothie-cai-bo-xoi-xoai-duachuoi","status":"publish","type":"product","link":"https:\/\/thucuonghealthy.azdigi.shop\/index.php\/san-pham\/smoothie-cai-bo-xoi-xoai-duachuoi\/","title":{"rendered":"Smoothie c\u1ea3i b\u00f3 x\u00f4i, xo\u00e0i, d\u1ee9a&#038;chu\u1ed1i"},"content":{"rendered":"<p>Smoothie rau bina (c\u1ea3i b\u00f3 x\u00f4i) xo\u00e0i, d\u1ee9a v\u00e0 chu\u1ed1i l\u00e0 th\u1ee9c u\u1ed1ng xanh gi\u00e0u dinh d\u01b0\u1ee1ng, gi\u00fap t\u0103ng c\u01b0\u1eddng h\u1ec7 mi\u1ec5n d\u1ecbch, h\u1ed7 tr\u1ee3 ti\u00eau h\u00f3a, l\u00e0m \u0111\u1eb9p da v\u00e0 cung c\u1ea5p n\u0103ng l\u01b0\u1ee3ng nhanh ch\u00f3ng. S\u1ef1 k\u1ebft h\u1ee3p n\u00e0y mang l\u1ea1i v\u1ecb ng\u1ecdt t\u1ef1 nhi\u00ean, \u00e1t \u0111i v\u1ecb rau, cung c\u1ea5p nhi\u1ec1u vitamin A, C, K, ch\u1ea5t x\u01a1 v\u00e0 kali, l\u00fd t\u01b0\u1edfng cho b\u1eefa s\u00e1ng ho\u1eb7c sau khi t\u1eadp luy\u1ec7n.<\/p>\n","protected":false},"excerpt":{"rendered":"<p>Smoothie rau bina (c\u1ea3i b\u00f3 x\u00f4i) xo\u00e0i, d\u1ee9a v\u00e0 chu\u1ed1i l\u00e0 th\u1ee9c u\u1ed1ng xanh gi\u00e0u dinh d\u01b0\u1ee1ng, gi\u00fap t\u0103ng c\u01b0\u1eddng h\u1ec7 mi\u1ec5n d\u1ecbch, h\u1ed7 tr\u1ee3 ti\u00eau h\u00f3a, l\u00e0m \u0111\u1eb9p da v\u00e0 cung c\u1ea5p n\u0103ng l\u01b0\u1ee3ng nhanh ch\u00f3ng. S\u1ef1 k\u1ebft h\u1ee3p n\u00e0y mang l\u1ea1i v\u1ecb ng\u1ecdt t\u1ef1 nhi\u00ean, \u00e1t \u0111i v\u1ecb rau, cung c\u1ea5p nhi\u1ec1u vitamin [&#8230;]\n","protected":false},"featured_media":120,"comment_status":"open","ping_status":"closed","template":"","meta":[],"product_brand":[],"product_cat":[37,16],"product_tag":[36],"class_list":{"0":"post-108","1":"product","2":"type-product","3":"status-publish","4":"has-post-thumbnail","6":"product_cat-khuyen-mai","7":"product_cat-smoothie-trai-cay","8":"product_tag-sale-home","10":"first","11":"instock","12":"sale","13":"featured","14":"shipping-taxable","15":"purchasable","16":"product-type-simple"},"yoast_head":"<!-- This site is optimized with the Yoast SEO plugin v27.2 - https:\/\/yoast.com\/product\/yoast-seo-wordpress\/ -->\n<title>Smoothie c\u1ea3i b\u00f3 x\u00f4i, xo\u00e0i, d\u1ee9a &amp; chu\u1ed1i - B\u1ed5 sung n\u0103ng l\u01b0\u1ee3ng<\/title>\n<meta name=\"description\" content=\"Smoothie c\u1ea3i b\u00f3 x\u00f4i xo\u00e0i &amp; chu\u1ed1i l\u00e0 s\u1ef1 k\u1ebft h\u1ee3p gi\u1eefa rau b\u00f3 x\u00f4i, xo\u00e0i, d\u1ee9a v\u00e0 chu\u1ed1i, mang \u0111\u1ebfn th\u1ee9c u\u1ed1ng th\u01a1m ngon, b\u1ed5 d\u01b0\u1ee1ng v\u00e0 gi\u00e0u n\u0103ng l\u01b0\u1ee3ng cho c\u01a1 th\u1ec3\" \/>\n<meta name=\"robots\" content=\"index, follow, max-snippet:-1, max-image-preview:large, max-video-preview:-1\" \/>\n<link rel=\"canonical\" href=\"https:\/\/thucuonghealthy.azdigi.shop\/index.php\/san-pham\/smoothie-cai-bo-xoi-xoai-duachuoi\/\" \/>\n<meta property=\"og:locale\" content=\"vi_VN\" \/>\n<meta property=\"og:type\" content=\"article\" \/>\n<meta property=\"og:title\" content=\"Smoothie c\u1ea3i b\u00f3 x\u00f4i, xo\u00e0i, d\u1ee9a &amp; chu\u1ed1i - B\u1ed5 sung n\u0103ng l\u01b0\u1ee3ng\" \/>\n<meta property=\"og:description\" content=\"Smoothie c\u1ea3i b\u00f3 x\u00f4i xo\u00e0i &amp; chu\u1ed1i l\u00e0 s\u1ef1 k\u1ebft h\u1ee3p gi\u1eefa rau b\u00f3 x\u00f4i, xo\u00e0i, d\u1ee9a v\u00e0 chu\u1ed1i, mang \u0111\u1ebfn th\u1ee9c u\u1ed1ng th\u01a1m ngon, b\u1ed5 d\u01b0\u1ee1ng v\u00e0 gi\u00e0u n\u0103ng l\u01b0\u1ee3ng cho c\u01a1 th\u1ec3\" \/>\n<meta property=\"og:url\" content=\"https:\/\/thucuonghealthy.azdigi.shop\/index.php\/san-pham\/smoothie-cai-bo-xoi-xoai-duachuoi\/\" \/>\n<meta property=\"og:site_name\" content=\"thucuonghealthy\" \/>\n<meta property=\"article:modified_time\" content=\"2026-04-02T10:00:20+00:00\" \/>\n<meta property=\"og:image\" content=\"https:\/\/thucuonghealthy.azdigi.shop\/wp-content\/uploads\/2026\/03\/z7603769710528_93832ed3b8edd1d52983a505671e0462-1.jpg\" \/>\n\t<meta property=\"og:image:width\" content=\"1024\" \/>\n\t<meta property=\"og:image:height\" content=\"1024\" \/>\n\t<meta property=\"og:image:type\" content=\"image\/jpeg\" \/>\n<meta name=\"twitter:card\" content=\"summary_large_image\" \/>\n<meta name=\"twitter:label1\" content=\"\u01af\u1edbc t\u00ednh th\u1eddi gian \u0111\u1ecdc\" \/>\n\t<meta name=\"twitter:data1\" content=\"1 ph\u00fat\" \/>\n<script type=\"application\/ld+json\" class=\"yoast-schema-graph\">{\"@context\":\"https:\/\/schema.org\",\"@graph\":[{\"@type\":\"WebPage\",\"@id\":\"https:\/\/thucuonghealthy.azdigi.shop\/index.php\/san-pham\/smoothie-cai-bo-xoi-xoai-duachuoi\/\",\"url\":\"https:\/\/thucuonghealthy.azdigi.shop\/index.php\/san-pham\/smoothie-cai-bo-xoi-xoai-duachuoi\/\",\"name\":\"Smoothie c\u1ea3i b\u00f3 x\u00f4i, xo\u00e0i, d\u1ee9a & chu\u1ed1i - B\u1ed5 sung n\u0103ng l\u01b0\u1ee3ng\",\"isPartOf\":{\"@id\":\"https:\/\/thucuonghealthy.azdigi.shop\/#website\"},\"primaryImageOfPage\":{\"@id\":\"https:\/\/thucuonghealthy.azdigi.shop\/index.php\/san-pham\/smoothie-cai-bo-xoi-xoai-duachuoi\/#primaryimage\"},\"image\":{\"@id\":\"https:\/\/thucuonghealthy.azdigi.shop\/index.php\/san-pham\/smoothie-cai-bo-xoi-xoai-duachuoi\/#primaryimage\"},\"thumbnailUrl\":\"https:\/\/thucuonghealthy.azdigi.shop\/wp-content\/uploads\/2026\/03\/z7603769710528_93832ed3b8edd1d52983a505671e0462-1.jpg\",\"datePublished\":\"2026-03-18T14:47:15+00:00\",\"dateModified\":\"2026-04-02T10:00:20+00:00\",\"description\":\"Smoothie c\u1ea3i b\u00f3 x\u00f4i xo\u00e0i & chu\u1ed1i l\u00e0 s\u1ef1 k\u1ebft h\u1ee3p gi\u1eefa rau b\u00f3 x\u00f4i, xo\u00e0i, d\u1ee9a v\u00e0 chu\u1ed1i, mang \u0111\u1ebfn th\u1ee9c u\u1ed1ng th\u01a1m ngon, b\u1ed5 d\u01b0\u1ee1ng v\u00e0 gi\u00e0u n\u0103ng l\u01b0\u1ee3ng cho c\u01a1 th\u1ec3\",\"breadcrumb\":{\"@id\":\"https:\/\/thucuonghealthy.azdigi.shop\/index.php\/san-pham\/smoothie-cai-bo-xoi-xoai-duachuoi\/#breadcrumb\"},\"inLanguage\":\"vi\",\"potentialAction\":[{\"@type\":\"ReadAction\",\"target\":[\"https:\/\/thucuonghealthy.azdigi.shop\/index.php\/san-pham\/smoothie-cai-bo-xoi-xoai-duachuoi\/\"]}]},{\"@type\":\"ImageObject\",\"inLanguage\":\"vi\",\"@id\":\"https:\/\/thucuonghealthy.azdigi.shop\/index.php\/san-pham\/smoothie-cai-bo-xoi-xoai-duachuoi\/#primaryimage\",\"url\":\"https:\/\/thucuonghealthy.azdigi.shop\/wp-content\/uploads\/2026\/03\/z7603769710528_93832ed3b8edd1d52983a505671e0462-1.jpg\",\"contentUrl\":\"https:\/\/thucuonghealthy.azdigi.shop\/wp-content\/uploads\/2026\/03\/z7603769710528_93832ed3b8edd1d52983a505671e0462-1.jpg\",\"width\":1024,\"height\":1024,\"caption\":\"Smoothie c\u1ea3i b\u00f3 x\u00f4, xo\u00e0i, d\u1ee9a&chu\u1ed1i\"},{\"@type\":\"BreadcrumbList\",\"@id\":\"https:\/\/thucuonghealthy.azdigi.shop\/index.php\/san-pham\/smoothie-cai-bo-xoi-xoai-duachuoi\/#breadcrumb\",\"itemListElement\":[{\"@type\":\"ListItem\",\"position\":1,\"name\":\"Trang ch\u1ee7\",\"item\":\"https:\/\/thucuonghealthy.azdigi.shop\/\"},{\"@type\":\"ListItem\",\"position\":2,\"name\":\"C\u1eeda h\u00e0ng\",\"item\":\"https:\/\/thucuonghealthy.azdigi.shop\/index.php\/cua-hang\/\"},{\"@type\":\"ListItem\",\"position\":3,\"name\":\"Smoothie c\u1ea3i b\u00f3 x\u00f4i, xo\u00e0i, d\u1ee9a&#038;chu\u1ed1i\"}]},{\"@type\":\"WebSite\",\"@id\":\"https:\/\/thucuonghealthy.azdigi.shop\/#website\",\"url\":\"https:\/\/thucuonghealthy.azdigi.shop\/\",\"name\":\"thucuonghealthy\",\"description\":\"N\u1eb7ng l\u01b0\u1ee3ng xanh cho ng\u00e0y m\u1edbi\",\"potentialAction\":[{\"@type\":\"SearchAction\",\"target\":{\"@type\":\"EntryPoint\",\"urlTemplate\":\"https:\/\/thucuonghealthy.azdigi.shop\/?s={search_term_string}\"},\"query-input\":{\"@type\":\"PropertyValueSpecification\",\"valueRequired\":true,\"valueName\":\"search_term_string\"}}],\"inLanguage\":\"vi\"}]}<\/script>\n<!-- \/ Yoast SEO plugin. -->","yoast_head_json":{"title":"Smoothie c\u1ea3i b\u00f3 x\u00f4i, xo\u00e0i, d\u1ee9a & chu\u1ed1i - B\u1ed5 sung n\u0103ng l\u01b0\u1ee3ng","description":"Smoothie c\u1ea3i b\u00f3 x\u00f4i xo\u00e0i & chu\u1ed1i l\u00e0 s\u1ef1 k\u1ebft h\u1ee3p gi\u1eefa rau b\u00f3 x\u00f4i, xo\u00e0i, d\u1ee9a v\u00e0 chu\u1ed1i, mang \u0111\u1ebfn th\u1ee9c u\u1ed1ng th\u01a1m ngon, b\u1ed5 d\u01b0\u1ee1ng v\u00e0 gi\u00e0u n\u0103ng l\u01b0\u1ee3ng cho c\u01a1 th\u1ec3","robots":{"index":"index","follow":"follow","max-snippet":"max-snippet:-1","max-image-preview":"max-image-preview:large","max-video-preview":"max-video-preview:-1"},"canonical":"https:\/\/thucuonghealthy.azdigi.shop\/index.php\/san-pham\/smoothie-cai-bo-xoi-xoai-duachuoi\/","og_locale":"vi_VN","og_type":"article","og_title":"Smoothie c\u1ea3i b\u00f3 x\u00f4i, xo\u00e0i, d\u1ee9a & chu\u1ed1i - B\u1ed5 sung n\u0103ng l\u01b0\u1ee3ng","og_description":"Smoothie c\u1ea3i b\u00f3 x\u00f4i xo\u00e0i & chu\u1ed1i l\u00e0 s\u1ef1 k\u1ebft h\u1ee3p gi\u1eefa rau b\u00f3 x\u00f4i, xo\u00e0i, d\u1ee9a v\u00e0 chu\u1ed1i, mang \u0111\u1ebfn th\u1ee9c u\u1ed1ng th\u01a1m ngon, b\u1ed5 d\u01b0\u1ee1ng v\u00e0 gi\u00e0u n\u0103ng l\u01b0\u1ee3ng cho c\u01a1 th\u1ec3","og_url":"https:\/\/thucuonghealthy.azdigi.shop\/index.php\/san-pham\/smoothie-cai-bo-xoi-xoai-duachuoi\/","og_site_name":"thucuonghealthy","article_modified_time":"2026-04-02T10:00:20+00:00","og_image":[{"width":1024,"height":1024,"url":"https:\/\/thucuonghealthy.azdigi.shop\/wp-content\/uploads\/2026\/03\/z7603769710528_93832ed3b8edd1d52983a505671e0462-1.jpg","type":"image\/jpeg"}],"twitter_card":"summary_large_image","twitter_misc":{"\u01af\u1edbc t\u00ednh th\u1eddi gian \u0111\u1ecdc":"1 ph\u00fat"},"schema":{"@context":"https:\/\/schema.org","@graph":[{"@type":"WebPage","@id":"https:\/\/thucuonghealthy.azdigi.shop\/index.php\/san-pham\/smoothie-cai-bo-xoi-xoai-duachuoi\/","url":"https:\/\/thucuonghealthy.azdigi.shop\/index.php\/san-pham\/smoothie-cai-bo-xoi-xoai-duachuoi\/","name":"Smoothie c\u1ea3i b\u00f3 x\u00f4i, xo\u00e0i, d\u1ee9a & chu\u1ed1i - B\u1ed5 sung n\u0103ng l\u01b0\u1ee3ng","isPartOf":{"@id":"https:\/\/thucuonghealthy.azdigi.shop\/#website"},"primaryImageOfPage":{"@id":"https:\/\/thucuonghealthy.azdigi.shop\/index.php\/san-pham\/smoothie-cai-bo-xoi-xoai-duachuoi\/#primaryimage"},"image":{"@id":"https:\/\/thucuonghealthy.azdigi.shop\/index.php\/san-pham\/smoothie-cai-bo-xoi-xoai-duachuoi\/#primaryimage"},"thumbnailUrl":"https:\/\/thucuonghealthy.azdigi.shop\/wp-content\/uploads\/2026\/03\/z7603769710528_93832ed3b8edd1d52983a505671e0462-1.jpg","datePublished":"2026-03-18T14:47:15+00:00","dateModified":"2026-04-02T10:00:20+00:00","description":"Smoothie c\u1ea3i b\u00f3 x\u00f4i xo\u00e0i & chu\u1ed1i l\u00e0 s\u1ef1 k\u1ebft h\u1ee3p gi\u1eefa rau b\u00f3 x\u00f4i, xo\u00e0i, d\u1ee9a v\u00e0 chu\u1ed1i, mang \u0111\u1ebfn th\u1ee9c u\u1ed1ng th\u01a1m ngon, b\u1ed5 d\u01b0\u1ee1ng v\u00e0 gi\u00e0u n\u0103ng l\u01b0\u1ee3ng cho c\u01a1 th\u1ec3","breadcrumb":{"@id":"https:\/\/thucuonghealthy.azdigi.shop\/index.php\/san-pham\/smoothie-cai-bo-xoi-xoai-duachuoi\/#breadcrumb"},"inLanguage":"vi","potentialAction":[{"@type":"ReadAction","target":["https:\/\/thucuonghealthy.azdigi.shop\/index.php\/san-pham\/smoothie-cai-bo-xoi-xoai-duachuoi\/"]}]},{"@type":"ImageObject","inLanguage":"vi","@id":"https:\/\/thucuonghealthy.azdigi.shop\/index.php\/san-pham\/smoothie-cai-bo-xoi-xoai-duachuoi\/#primaryimage","url":"https:\/\/thucuonghealthy.azdigi.shop\/wp-content\/uploads\/2026\/03\/z7603769710528_93832ed3b8edd1d52983a505671e0462-1.jpg","contentUrl":"https:\/\/thucuonghealthy.azdigi.shop\/wp-content\/uploads\/2026\/03\/z7603769710528_93832ed3b8edd1d52983a505671e0462-1.jpg","width":1024,"height":1024,"caption":"Smoothie c\u1ea3i b\u00f3 x\u00f4, xo\u00e0i, d\u1ee9a&chu\u1ed1i"},{"@type":"BreadcrumbList","@id":"https:\/\/thucuonghealthy.azdigi.shop\/index.php\/san-pham\/smoothie-cai-bo-xoi-xoai-duachuoi\/#breadcrumb","itemListElement":[{"@type":"ListItem","position":1,"name":"Trang ch\u1ee7","item":"https:\/\/thucuonghealthy.azdigi.shop\/"},{"@type":"ListItem","position":2,"name":"C\u1eeda h\u00e0ng","item":"https:\/\/thucuonghealthy.azdigi.shop\/index.php\/cua-hang\/"},{"@type":"ListItem","position":3,"name":"Smoothie c\u1ea3i b\u00f3 x\u00f4i, xo\u00e0i, d\u1ee9a&#038;chu\u1ed1i"}]},{"@type":"WebSite","@id":"https:\/\/thucuonghealthy.azdigi.shop\/#website","url":"https:\/\/thucuonghealthy.azdigi.shop\/","name":"thucuonghealthy","description":"N\u1eb7ng l\u01b0\u1ee3ng xanh cho ng\u00e0y m\u1edbi","potentialAction":[{"@type":"SearchAction","target":{"@type":"EntryPoint","urlTemplate":"https:\/\/thucuonghealthy.azdigi.shop\/?s={search_term_string}"},"query-input":{"@type":"PropertyValueSpecification","valueRequired":true,"valueName":"search_term_string"}}],"inLanguage":"vi"}]}},"_links":{"self":[{"href":"https:\/\/thucuonghealthy.azdigi.shop\/index.php\/wp-json\/wp\/v2\/product\/108","targetHints":{"allow":["GET"]}}],"collection":[{"href":"https:\/\/thucuonghealthy.azdigi.shop\/index.php\/wp-json\/wp\/v2\/product"}],"about":[{"href":"https:\/\/thucuonghealthy.azdigi.shop\/index.php\/wp-json\/wp\/v2\/types\/product"}],"replies":[{"embeddable":true,"href":"https:\/\/thucuonghealthy.azdigi.shop\/index.php\/wp-json\/wp\/v2\/comments?post=108"}],"wp:featuredmedia":[{"embeddable":true,"href":"https:\/\/thucuonghealthy.azdigi.shop\/index.php\/wp-json\/wp\/v2\/media\/120"}],"wp:attachment":[{"href":"https:\/\/thucuonghealthy.azdigi.shop\/index.php\/wp-json\/wp\/v2\/media?parent=108"}],"wp:term":[{"taxonomy":"product_brand","embeddable":true,"href":"https:\/\/thucuonghealthy.azdigi.shop\/index.php\/wp-json\/wp\/v2\/product_brand?post=108"},{"taxonomy":"product_cat","embeddable":true,"href":"https:\/\/thucuonghealthy.azdigi.shop\/index.php\/wp-json\/wp\/v2\/product_cat?post=108"},{"taxonomy":"product_tag","embeddable":true,"href":"https:\/\/thucuonghealthy.azdigi.shop\/index.php\/wp-json\/wp\/v2\/product_tag?post=108"}],"curies":[{"name":"wp","href":"https:\/\/api.w.org\/{rel}","templated":true}]}}