{"id":166,"date":"2026-03-19T09:54:05","date_gmt":"2026-03-19T09:54:05","guid":{"rendered":"https:\/\/thucuonghealthy.azdigi.shop\/?post_type=product&#038;p=166"},"modified":"2026-04-02T09:30:25","modified_gmt":"2026-04-02T09:30:25","slug":"smoothie-dau-chuoi-2","status":"publish","type":"product","link":"https:\/\/thucuonghealthy.azdigi.shop\/index.php\/san-pham\/smoothie-dau-chuoi-2\/","title":{"rendered":"Smoothie d\u00e2u chu\u1ed1i"},"content":{"rendered":"<p>Smoothie d\u00e2u chu\u1ed1i l\u00e0 s\u1ef1 k\u1ebft h\u1ee3p gi\u1eefa d\u00e2u t\u00e2y v\u00e0 chu\u1ed1i t\u01b0\u01a1i, mang \u0111\u1ebfn h\u01b0\u01a1ng v\u1ecb ng\u1ecdt t\u1ef1 nhi\u00ean, gi\u00e0u vitamin v\u00e0 n\u0103ng l\u01b0\u1ee3ng. L\u1ef1a ch\u1ecdn l\u00fd t\u01b0\u1edfng cho l\u1ed1i s\u1ed1ng healthy.<\/p>\n","protected":false},"excerpt":{"rendered":"<p>Smoothie d\u00e2u chu\u1ed1i l\u00e0 s\u1ef1 k\u1ebft h\u1ee3p gi\u1eefa d\u00e2u t\u00e2y v\u00e0 chu\u1ed1i t\u01b0\u01a1i, mang \u0111\u1ebfn h\u01b0\u01a1ng v\u1ecb ng\u1ecdt t\u1ef1 nhi\u00ean, gi\u00e0u vitamin v\u00e0 n\u0103ng l\u01b0\u1ee3ng. L\u1ef1a ch\u1ecdn l\u00fd t\u01b0\u1edfng cho l\u1ed1i s\u1ed1ng healthy.<\/p>\n","protected":false},"featured_media":92,"comment_status":"open","ping_status":"closed","template":"","meta":[],"product_brand":[],"product_cat":[37,16],"product_tag":[36],"class_list":{"0":"post-166","1":"product","2":"type-product","3":"status-publish","4":"has-post-thumbnail","6":"product_cat-khuyen-mai","7":"product_cat-smoothie-trai-cay","8":"product_tag-sale-home","10":"first","11":"instock","12":"sale","13":"shipping-taxable","14":"purchasable","15":"product-type-simple"},"yoast_head":"<!-- This site is optimized with the Yoast SEO plugin v27.2 - https:\/\/yoast.com\/product\/yoast-seo-wordpress\/ -->\n<title>Smoothie d\u00e2u chu\u1ed1i t\u01b0\u01a1i m\u00e1t - \u0110\u1ed3 u\u1ed1ng healthy b\u1ed5 d\u01b0\u1ee1ng<\/title>\n<meta name=\"description\" content=\"Smoothie d\u00e2u chu\u1ed1i l\u00e0 s\u1ef1 k\u1ebft h\u1ee3p gi\u1eefa d\u00e2u t\u00e2y v\u00e0 chu\u1ed1i t\u01b0\u01a1i, mang \u0111\u1ebfn h\u01b0\u01a1ng v\u1ecb ng\u1ecdt t\u1ef1 nhi\u00ean v\u00e0 gi\u00e0u vitamin. Th\u1ee9c u\u1ed1ng healthy t\u1ed1t cho s\u1ee9c kh\u1ecfe.\" \/>\n<meta name=\"robots\" content=\"index, follow, max-snippet:-1, max-image-preview:large, max-video-preview:-1\" \/>\n<link rel=\"canonical\" href=\"https:\/\/thucuonghealthy.azdigi.shop\/index.php\/san-pham\/smoothie-dau-chuoi-2\/\" \/>\n<meta property=\"og:locale\" content=\"vi_VN\" \/>\n<meta property=\"og:type\" content=\"article\" \/>\n<meta property=\"og:title\" content=\"Smoothie d\u00e2u chu\u1ed1i t\u01b0\u01a1i m\u00e1t - \u0110\u1ed3 u\u1ed1ng healthy b\u1ed5 d\u01b0\u1ee1ng\" \/>\n<meta property=\"og:description\" content=\"Smoothie d\u00e2u chu\u1ed1i l\u00e0 s\u1ef1 k\u1ebft h\u1ee3p gi\u1eefa d\u00e2u t\u00e2y v\u00e0 chu\u1ed1i t\u01b0\u01a1i, mang \u0111\u1ebfn h\u01b0\u01a1ng v\u1ecb ng\u1ecdt t\u1ef1 nhi\u00ean v\u00e0 gi\u00e0u vitamin. Th\u1ee9c u\u1ed1ng healthy t\u1ed1t cho s\u1ee9c kh\u1ecfe.\" \/>\n<meta property=\"og:url\" content=\"https:\/\/thucuonghealthy.azdigi.shop\/index.php\/san-pham\/smoothie-dau-chuoi-2\/\" \/>\n<meta property=\"og:site_name\" content=\"thucuonghealthy\" \/>\n<meta property=\"article:modified_time\" content=\"2026-04-02T09:30:25+00:00\" \/>\n<meta property=\"og:image\" content=\"https:\/\/thucuonghealthy.azdigi.shop\/wp-content\/uploads\/2026\/03\/z7603853039194_4cbd58f883c8204cb5149842592096ce.jpg\" \/>\n\t<meta property=\"og:image:width\" content=\"853\" \/>\n\t<meta property=\"og:image:height\" content=\"1280\" \/>\n\t<meta property=\"og:image:type\" content=\"image\/jpeg\" \/>\n<meta name=\"twitter:card\" content=\"summary_large_image\" \/>\n<meta name=\"twitter:label1\" content=\"\u01af\u1edbc t\u00ednh th\u1eddi gian \u0111\u1ecdc\" \/>\n\t<meta name=\"twitter:data1\" content=\"1 ph\u00fat\" \/>\n<script type=\"application\/ld+json\" class=\"yoast-schema-graph\">{\"@context\":\"https:\/\/schema.org\",\"@graph\":[{\"@type\":\"WebPage\",\"@id\":\"https:\/\/thucuonghealthy.azdigi.shop\/index.php\/san-pham\/smoothie-dau-chuoi-2\/\",\"url\":\"https:\/\/thucuonghealthy.azdigi.shop\/index.php\/san-pham\/smoothie-dau-chuoi-2\/\",\"name\":\"Smoothie d\u00e2u chu\u1ed1i t\u01b0\u01a1i m\u00e1t - \u0110\u1ed3 u\u1ed1ng healthy b\u1ed5 d\u01b0\u1ee1ng\",\"isPartOf\":{\"@id\":\"https:\/\/thucuonghealthy.azdigi.shop\/#website\"},\"primaryImageOfPage\":{\"@id\":\"https:\/\/thucuonghealthy.azdigi.shop\/index.php\/san-pham\/smoothie-dau-chuoi-2\/#primaryimage\"},\"image\":{\"@id\":\"https:\/\/thucuonghealthy.azdigi.shop\/index.php\/san-pham\/smoothie-dau-chuoi-2\/#primaryimage\"},\"thumbnailUrl\":\"https:\/\/thucuonghealthy.azdigi.shop\/wp-content\/uploads\/2026\/03\/z7603853039194_4cbd58f883c8204cb5149842592096ce.jpg\",\"datePublished\":\"2026-03-19T09:54:05+00:00\",\"dateModified\":\"2026-04-02T09:30:25+00:00\",\"description\":\"Smoothie d\u00e2u chu\u1ed1i l\u00e0 s\u1ef1 k\u1ebft h\u1ee3p gi\u1eefa d\u00e2u t\u00e2y v\u00e0 chu\u1ed1i t\u01b0\u01a1i, mang \u0111\u1ebfn h\u01b0\u01a1ng v\u1ecb ng\u1ecdt t\u1ef1 nhi\u00ean v\u00e0 gi\u00e0u vitamin. Th\u1ee9c u\u1ed1ng healthy t\u1ed1t cho s\u1ee9c kh\u1ecfe.\",\"breadcrumb\":{\"@id\":\"https:\/\/thucuonghealthy.azdigi.shop\/index.php\/san-pham\/smoothie-dau-chuoi-2\/#breadcrumb\"},\"inLanguage\":\"vi\",\"potentialAction\":[{\"@type\":\"ReadAction\",\"target\":[\"https:\/\/thucuonghealthy.azdigi.shop\/index.php\/san-pham\/smoothie-dau-chuoi-2\/\"]}]},{\"@type\":\"ImageObject\",\"inLanguage\":\"vi\",\"@id\":\"https:\/\/thucuonghealthy.azdigi.shop\/index.php\/san-pham\/smoothie-dau-chuoi-2\/#primaryimage\",\"url\":\"https:\/\/thucuonghealthy.azdigi.shop\/wp-content\/uploads\/2026\/03\/z7603853039194_4cbd58f883c8204cb5149842592096ce.jpg\",\"contentUrl\":\"https:\/\/thucuonghealthy.azdigi.shop\/wp-content\/uploads\/2026\/03\/z7603853039194_4cbd58f883c8204cb5149842592096ce.jpg\",\"width\":853,\"height\":1280,\"caption\":\"Smoothie d\u00e2u chu\u1ed1i\"},{\"@type\":\"BreadcrumbList\",\"@id\":\"https:\/\/thucuonghealthy.azdigi.shop\/index.php\/san-pham\/smoothie-dau-chuoi-2\/#breadcrumb\",\"itemListElement\":[{\"@type\":\"ListItem\",\"position\":1,\"name\":\"Trang ch\u1ee7\",\"item\":\"https:\/\/thucuonghealthy.azdigi.shop\/\"},{\"@type\":\"ListItem\",\"position\":2,\"name\":\"C\u1eeda h\u00e0ng\",\"item\":\"https:\/\/thucuonghealthy.azdigi.shop\/index.php\/cua-hang\/\"},{\"@type\":\"ListItem\",\"position\":3,\"name\":\"Smoothie d\u00e2u chu\u1ed1i\"}]},{\"@type\":\"WebSite\",\"@id\":\"https:\/\/thucuonghealthy.azdigi.shop\/#website\",\"url\":\"https:\/\/thucuonghealthy.azdigi.shop\/\",\"name\":\"thucuonghealthy\",\"description\":\"N\u1eb7ng l\u01b0\u1ee3ng xanh cho ng\u00e0y m\u1edbi\",\"potentialAction\":[{\"@type\":\"SearchAction\",\"target\":{\"@type\":\"EntryPoint\",\"urlTemplate\":\"https:\/\/thucuonghealthy.azdigi.shop\/?s={search_term_string}\"},\"query-input\":{\"@type\":\"PropertyValueSpecification\",\"valueRequired\":true,\"valueName\":\"search_term_string\"}}],\"inLanguage\":\"vi\"}]}<\/script>\n<!-- \/ Yoast SEO plugin. -->","yoast_head_json":{"title":"Smoothie d\u00e2u chu\u1ed1i t\u01b0\u01a1i m\u00e1t - \u0110\u1ed3 u\u1ed1ng healthy b\u1ed5 d\u01b0\u1ee1ng","description":"Smoothie d\u00e2u chu\u1ed1i l\u00e0 s\u1ef1 k\u1ebft h\u1ee3p gi\u1eefa d\u00e2u t\u00e2y v\u00e0 chu\u1ed1i t\u01b0\u01a1i, mang \u0111\u1ebfn h\u01b0\u01a1ng v\u1ecb ng\u1ecdt t\u1ef1 nhi\u00ean v\u00e0 gi\u00e0u vitamin. Th\u1ee9c u\u1ed1ng healthy t\u1ed1t cho s\u1ee9c kh\u1ecfe.","robots":{"index":"index","follow":"follow","max-snippet":"max-snippet:-1","max-image-preview":"max-image-preview:large","max-video-preview":"max-video-preview:-1"},"canonical":"https:\/\/thucuonghealthy.azdigi.shop\/index.php\/san-pham\/smoothie-dau-chuoi-2\/","og_locale":"vi_VN","og_type":"article","og_title":"Smoothie d\u00e2u chu\u1ed1i t\u01b0\u01a1i m\u00e1t - \u0110\u1ed3 u\u1ed1ng healthy b\u1ed5 d\u01b0\u1ee1ng","og_description":"Smoothie d\u00e2u chu\u1ed1i l\u00e0 s\u1ef1 k\u1ebft h\u1ee3p gi\u1eefa d\u00e2u t\u00e2y v\u00e0 chu\u1ed1i t\u01b0\u01a1i, mang \u0111\u1ebfn h\u01b0\u01a1ng v\u1ecb ng\u1ecdt t\u1ef1 nhi\u00ean v\u00e0 gi\u00e0u vitamin. Th\u1ee9c u\u1ed1ng healthy t\u1ed1t cho s\u1ee9c kh\u1ecfe.","og_url":"https:\/\/thucuonghealthy.azdigi.shop\/index.php\/san-pham\/smoothie-dau-chuoi-2\/","og_site_name":"thucuonghealthy","article_modified_time":"2026-04-02T09:30:25+00:00","og_image":[{"width":853,"height":1280,"url":"https:\/\/thucuonghealthy.azdigi.shop\/wp-content\/uploads\/2026\/03\/z7603853039194_4cbd58f883c8204cb5149842592096ce.jpg","type":"image\/jpeg"}],"twitter_card":"summary_large_image","twitter_misc":{"\u01af\u1edbc t\u00ednh th\u1eddi gian \u0111\u1ecdc":"1 ph\u00fat"},"schema":{"@context":"https:\/\/schema.org","@graph":[{"@type":"WebPage","@id":"https:\/\/thucuonghealthy.azdigi.shop\/index.php\/san-pham\/smoothie-dau-chuoi-2\/","url":"https:\/\/thucuonghealthy.azdigi.shop\/index.php\/san-pham\/smoothie-dau-chuoi-2\/","name":"Smoothie d\u00e2u chu\u1ed1i t\u01b0\u01a1i m\u00e1t - \u0110\u1ed3 u\u1ed1ng healthy b\u1ed5 d\u01b0\u1ee1ng","isPartOf":{"@id":"https:\/\/thucuonghealthy.azdigi.shop\/#website"},"primaryImageOfPage":{"@id":"https:\/\/thucuonghealthy.azdigi.shop\/index.php\/san-pham\/smoothie-dau-chuoi-2\/#primaryimage"},"image":{"@id":"https:\/\/thucuonghealthy.azdigi.shop\/index.php\/san-pham\/smoothie-dau-chuoi-2\/#primaryimage"},"thumbnailUrl":"https:\/\/thucuonghealthy.azdigi.shop\/wp-content\/uploads\/2026\/03\/z7603853039194_4cbd58f883c8204cb5149842592096ce.jpg","datePublished":"2026-03-19T09:54:05+00:00","dateModified":"2026-04-02T09:30:25+00:00","description":"Smoothie d\u00e2u chu\u1ed1i l\u00e0 s\u1ef1 k\u1ebft h\u1ee3p gi\u1eefa d\u00e2u t\u00e2y v\u00e0 chu\u1ed1i t\u01b0\u01a1i, mang \u0111\u1ebfn h\u01b0\u01a1ng v\u1ecb ng\u1ecdt t\u1ef1 nhi\u00ean v\u00e0 gi\u00e0u vitamin. Th\u1ee9c u\u1ed1ng healthy t\u1ed1t cho s\u1ee9c kh\u1ecfe.","breadcrumb":{"@id":"https:\/\/thucuonghealthy.azdigi.shop\/index.php\/san-pham\/smoothie-dau-chuoi-2\/#breadcrumb"},"inLanguage":"vi","potentialAction":[{"@type":"ReadAction","target":["https:\/\/thucuonghealthy.azdigi.shop\/index.php\/san-pham\/smoothie-dau-chuoi-2\/"]}]},{"@type":"ImageObject","inLanguage":"vi","@id":"https:\/\/thucuonghealthy.azdigi.shop\/index.php\/san-pham\/smoothie-dau-chuoi-2\/#primaryimage","url":"https:\/\/thucuonghealthy.azdigi.shop\/wp-content\/uploads\/2026\/03\/z7603853039194_4cbd58f883c8204cb5149842592096ce.jpg","contentUrl":"https:\/\/thucuonghealthy.azdigi.shop\/wp-content\/uploads\/2026\/03\/z7603853039194_4cbd58f883c8204cb5149842592096ce.jpg","width":853,"height":1280,"caption":"Smoothie d\u00e2u chu\u1ed1i"},{"@type":"BreadcrumbList","@id":"https:\/\/thucuonghealthy.azdigi.shop\/index.php\/san-pham\/smoothie-dau-chuoi-2\/#breadcrumb","itemListElement":[{"@type":"ListItem","position":1,"name":"Trang ch\u1ee7","item":"https:\/\/thucuonghealthy.azdigi.shop\/"},{"@type":"ListItem","position":2,"name":"C\u1eeda h\u00e0ng","item":"https:\/\/thucuonghealthy.azdigi.shop\/index.php\/cua-hang\/"},{"@type":"ListItem","position":3,"name":"Smoothie d\u00e2u chu\u1ed1i"}]},{"@type":"WebSite","@id":"https:\/\/thucuonghealthy.azdigi.shop\/#website","url":"https:\/\/thucuonghealthy.azdigi.shop\/","name":"thucuonghealthy","description":"N\u1eb7ng l\u01b0\u1ee3ng xanh cho ng\u00e0y m\u1edbi","potentialAction":[{"@type":"SearchAction","target":{"@type":"EntryPoint","urlTemplate":"https:\/\/thucuonghealthy.azdigi.shop\/?s={search_term_string}"},"query-input":{"@type":"PropertyValueSpecification","valueRequired":true,"valueName":"search_term_string"}}],"inLanguage":"vi"}]}},"_links":{"self":[{"href":"https:\/\/thucuonghealthy.azdigi.shop\/index.php\/wp-json\/wp\/v2\/product\/166","targetHints":{"allow":["GET"]}}],"collection":[{"href":"https:\/\/thucuonghealthy.azdigi.shop\/index.php\/wp-json\/wp\/v2\/product"}],"about":[{"href":"https:\/\/thucuonghealthy.azdigi.shop\/index.php\/wp-json\/wp\/v2\/types\/product"}],"replies":[{"embeddable":true,"href":"https:\/\/thucuonghealthy.azdigi.shop\/index.php\/wp-json\/wp\/v2\/comments?post=166"}],"wp:featuredmedia":[{"embeddable":true,"href":"https:\/\/thucuonghealthy.azdigi.shop\/index.php\/wp-json\/wp\/v2\/media\/92"}],"wp:attachment":[{"href":"https:\/\/thucuonghealthy.azdigi.shop\/index.php\/wp-json\/wp\/v2\/media?parent=166"}],"wp:term":[{"taxonomy":"product_brand","embeddable":true,"href":"https:\/\/thucuonghealthy.azdigi.shop\/index.php\/wp-json\/wp\/v2\/product_brand?post=166"},{"taxonomy":"product_cat","embeddable":true,"href":"https:\/\/thucuonghealthy.azdigi.shop\/index.php\/wp-json\/wp\/v2\/product_cat?post=166"},{"taxonomy":"product_tag","embeddable":true,"href":"https:\/\/thucuonghealthy.azdigi.shop\/index.php\/wp-json\/wp\/v2\/product_tag?post=166"}],"curies":[{"name":"wp","href":"https:\/\/api.w.org\/{rel}","templated":true}]}}