{"id":227,"date":"2026-04-01T22:00:33","date_gmt":"2026-04-01T22:00:33","guid":{"rendered":"https:\/\/thucuonghealthy.azdigi.shop\/?post_type=product&#038;p=227"},"modified":"2026-04-01T22:05:47","modified_gmt":"2026-04-01T22:05:47","slug":"sinh-to-dau-xanh-sua","status":"publish","type":"product","link":"https:\/\/thucuonghealthy.azdigi.shop\/index.php\/san-pham\/sinh-to-dau-xanh-sua\/","title":{"rendered":"Sinh t\u1ed1 \u0111\u1eadu xanh s\u1eefa"},"content":{"rendered":"<p data-start=\"4284\" data-end=\"4661\">Sinh t\u1ed1 khoai m\u00f4n n\u1ed5i b\u1eadt v\u1edbi v\u1ecb th\u01a1m b\u00e9o v\u00e0 h\u01b0\u01a1ng \u0111\u1eb7c tr\u01b0ng. \u0110\u00e2y l\u00e0 m\u00f3n cung c\u1ea5p n\u0103ng l\u01b0\u1ee3ng t\u1ed1t, th\u00edch h\u1ee3p d\u00f9ng thay b\u1eefa ph\u1ee5. V\u1edbi \u0111\u1ed9 b\u00e9o nh\u1eb9 v\u00e0 d\u1ec5 u\u1ed1ng, m\u00f3n n\u00e0y lu\u00f4n n\u1eb1m trong nh\u00f3m \u0111\u01b0\u1ee3c y\u00eau th\u00edch.<\/p>\n","protected":false},"excerpt":{"rendered":"<p>Sinh t\u1ed1 khoai m\u00f4n n\u1ed5i b\u1eadt v\u1edbi v\u1ecb th\u01a1m b\u00e9o v\u00e0 h\u01b0\u01a1ng \u0111\u1eb7c tr\u01b0ng. \u0110\u00e2y l\u00e0 m\u00f3n cung c\u1ea5p n\u0103ng l\u01b0\u1ee3ng t\u1ed1t, th\u00edch h\u1ee3p d\u00f9ng thay b\u1eefa ph\u1ee5. V\u1edbi \u0111\u1ed9 b\u00e9o nh\u1eb9 v\u00e0 d\u1ec5 u\u1ed1ng, m\u00f3n n\u00e0y lu\u00f4n n\u1eb1m trong nh\u00f3m \u0111\u01b0\u1ee3c y\u00eau th\u00edch.<\/p>\n","protected":false},"featured_media":229,"comment_status":"open","ping_status":"closed","template":"","meta":[],"product_brand":[],"product_cat":[19],"product_tag":[],"class_list":{"0":"post-227","1":"product","2":"type-product","3":"status-publish","4":"has-post-thumbnail","6":"product_cat-sinh-to-rau-cu","8":"first","9":"instock","10":"sale","11":"shipping-taxable","12":"purchasable","13":"product-type-simple"},"yoast_head":"<!-- This site is optimized with the Yoast SEO plugin v27.2 - https:\/\/yoast.com\/product\/yoast-seo-wordpress\/ -->\n<title>Sinh t\u1ed1 \u0111\u1eadu xanh s\u1eefa \u2013 Thanh m\u00e1t, d\u1ec5 u\u1ed1ng m\u1ed7i ng\u00e0y<\/title>\n<meta name=\"description\" content=\"Sinh t\u1ed1 \u0111\u1eadu xanh s\u1eefa thanh m\u00e1t, gi\u00fap gi\u1ea3i nhi\u1ec7t c\u01a1 th\u1ec3, v\u1ecb b\u00e9o nh\u1eb9 d\u1ec5 u\u1ed1ng. L\u1ef1a ch\u1ecdn healthy quen thu\u1ed9c, ph\u00f9 h\u1ee3p m\u1ecdi \u0111\u1ed1i t\u01b0\u1ee3ng.\" \/>\n<meta name=\"robots\" content=\"index, follow, max-snippet:-1, max-image-preview:large, max-video-preview:-1\" \/>\n<link rel=\"canonical\" href=\"https:\/\/thucuonghealthy.azdigi.shop\/index.php\/san-pham\/sinh-to-dau-xanh-sua\/\" \/>\n<meta property=\"og:locale\" content=\"vi_VN\" \/>\n<meta property=\"og:type\" content=\"article\" \/>\n<meta property=\"og:title\" content=\"Sinh t\u1ed1 \u0111\u1eadu xanh s\u1eefa \u2013 Thanh m\u00e1t, d\u1ec5 u\u1ed1ng m\u1ed7i ng\u00e0y\" \/>\n<meta property=\"og:description\" content=\"Sinh t\u1ed1 \u0111\u1eadu xanh s\u1eefa thanh m\u00e1t, gi\u00fap gi\u1ea3i nhi\u1ec7t c\u01a1 th\u1ec3, v\u1ecb b\u00e9o nh\u1eb9 d\u1ec5 u\u1ed1ng. L\u1ef1a ch\u1ecdn healthy quen thu\u1ed9c, ph\u00f9 h\u1ee3p m\u1ecdi \u0111\u1ed1i t\u01b0\u1ee3ng.\" \/>\n<meta property=\"og:url\" content=\"https:\/\/thucuonghealthy.azdigi.shop\/index.php\/san-pham\/sinh-to-dau-xanh-sua\/\" \/>\n<meta property=\"og:site_name\" content=\"thucuonghealthy\" \/>\n<meta property=\"article:modified_time\" content=\"2026-04-01T22:05:47+00:00\" \/>\n<meta property=\"og:image\" content=\"https:\/\/thucuonghealthy.azdigi.shop\/wp-content\/uploads\/2026\/04\/z7677116492889_842fbc3f49655fb4d667ee1bc842ab1d-1.jpg\" \/>\n\t<meta property=\"og:image:width\" content=\"853\" \/>\n\t<meta property=\"og:image:height\" content=\"1280\" \/>\n\t<meta property=\"og:image:type\" content=\"image\/jpeg\" \/>\n<meta name=\"twitter:card\" content=\"summary_large_image\" \/>\n<meta name=\"twitter:label1\" content=\"\u01af\u1edbc t\u00ednh th\u1eddi gian \u0111\u1ecdc\" \/>\n\t<meta name=\"twitter:data1\" content=\"1 ph\u00fat\" \/>\n<script type=\"application\/ld+json\" class=\"yoast-schema-graph\">{\"@context\":\"https:\/\/schema.org\",\"@graph\":[{\"@type\":\"WebPage\",\"@id\":\"https:\/\/thucuonghealthy.azdigi.shop\/index.php\/san-pham\/sinh-to-dau-xanh-sua\/\",\"url\":\"https:\/\/thucuonghealthy.azdigi.shop\/index.php\/san-pham\/sinh-to-dau-xanh-sua\/\",\"name\":\"Sinh t\u1ed1 \u0111\u1eadu xanh s\u1eefa \u2013 Thanh m\u00e1t, d\u1ec5 u\u1ed1ng m\u1ed7i ng\u00e0y\",\"isPartOf\":{\"@id\":\"https:\/\/thucuonghealthy.azdigi.shop\/#website\"},\"primaryImageOfPage\":{\"@id\":\"https:\/\/thucuonghealthy.azdigi.shop\/index.php\/san-pham\/sinh-to-dau-xanh-sua\/#primaryimage\"},\"image\":{\"@id\":\"https:\/\/thucuonghealthy.azdigi.shop\/index.php\/san-pham\/sinh-to-dau-xanh-sua\/#primaryimage\"},\"thumbnailUrl\":\"https:\/\/thucuonghealthy.azdigi.shop\/wp-content\/uploads\/2026\/04\/z7677116492889_842fbc3f49655fb4d667ee1bc842ab1d-1.jpg\",\"datePublished\":\"2026-04-01T22:00:33+00:00\",\"dateModified\":\"2026-04-01T22:05:47+00:00\",\"description\":\"Sinh t\u1ed1 \u0111\u1eadu xanh s\u1eefa thanh m\u00e1t, gi\u00fap gi\u1ea3i nhi\u1ec7t c\u01a1 th\u1ec3, v\u1ecb b\u00e9o nh\u1eb9 d\u1ec5 u\u1ed1ng. L\u1ef1a ch\u1ecdn healthy quen thu\u1ed9c, ph\u00f9 h\u1ee3p m\u1ecdi \u0111\u1ed1i t\u01b0\u1ee3ng.\",\"breadcrumb\":{\"@id\":\"https:\/\/thucuonghealthy.azdigi.shop\/index.php\/san-pham\/sinh-to-dau-xanh-sua\/#breadcrumb\"},\"inLanguage\":\"vi\",\"potentialAction\":[{\"@type\":\"ReadAction\",\"target\":[\"https:\/\/thucuonghealthy.azdigi.shop\/index.php\/san-pham\/sinh-to-dau-xanh-sua\/\"]}]},{\"@type\":\"ImageObject\",\"inLanguage\":\"vi\",\"@id\":\"https:\/\/thucuonghealthy.azdigi.shop\/index.php\/san-pham\/sinh-to-dau-xanh-sua\/#primaryimage\",\"url\":\"https:\/\/thucuonghealthy.azdigi.shop\/wp-content\/uploads\/2026\/04\/z7677116492889_842fbc3f49655fb4d667ee1bc842ab1d-1.jpg\",\"contentUrl\":\"https:\/\/thucuonghealthy.azdigi.shop\/wp-content\/uploads\/2026\/04\/z7677116492889_842fbc3f49655fb4d667ee1bc842ab1d-1.jpg\",\"width\":853,\"height\":1280},{\"@type\":\"BreadcrumbList\",\"@id\":\"https:\/\/thucuonghealthy.azdigi.shop\/index.php\/san-pham\/sinh-to-dau-xanh-sua\/#breadcrumb\",\"itemListElement\":[{\"@type\":\"ListItem\",\"position\":1,\"name\":\"Trang ch\u1ee7\",\"item\":\"https:\/\/thucuonghealthy.azdigi.shop\/\"},{\"@type\":\"ListItem\",\"position\":2,\"name\":\"C\u1eeda h\u00e0ng\",\"item\":\"https:\/\/thucuonghealthy.azdigi.shop\/index.php\/cua-hang\/\"},{\"@type\":\"ListItem\",\"position\":3,\"name\":\"Sinh t\u1ed1 \u0111\u1eadu xanh s\u1eefa\"}]},{\"@type\":\"WebSite\",\"@id\":\"https:\/\/thucuonghealthy.azdigi.shop\/#website\",\"url\":\"https:\/\/thucuonghealthy.azdigi.shop\/\",\"name\":\"thucuonghealthy\",\"description\":\"N\u1eb7ng l\u01b0\u1ee3ng xanh cho ng\u00e0y m\u1edbi\",\"potentialAction\":[{\"@type\":\"SearchAction\",\"target\":{\"@type\":\"EntryPoint\",\"urlTemplate\":\"https:\/\/thucuonghealthy.azdigi.shop\/?s={search_term_string}\"},\"query-input\":{\"@type\":\"PropertyValueSpecification\",\"valueRequired\":true,\"valueName\":\"search_term_string\"}}],\"inLanguage\":\"vi\"}]}<\/script>\n<!-- \/ Yoast SEO plugin. -->","yoast_head_json":{"title":"Sinh t\u1ed1 \u0111\u1eadu xanh s\u1eefa \u2013 Thanh m\u00e1t, d\u1ec5 u\u1ed1ng m\u1ed7i ng\u00e0y","description":"Sinh t\u1ed1 \u0111\u1eadu xanh s\u1eefa thanh m\u00e1t, gi\u00fap gi\u1ea3i nhi\u1ec7t c\u01a1 th\u1ec3, v\u1ecb b\u00e9o nh\u1eb9 d\u1ec5 u\u1ed1ng. L\u1ef1a ch\u1ecdn healthy quen thu\u1ed9c, ph\u00f9 h\u1ee3p m\u1ecdi \u0111\u1ed1i t\u01b0\u1ee3ng.","robots":{"index":"index","follow":"follow","max-snippet":"max-snippet:-1","max-image-preview":"max-image-preview:large","max-video-preview":"max-video-preview:-1"},"canonical":"https:\/\/thucuonghealthy.azdigi.shop\/index.php\/san-pham\/sinh-to-dau-xanh-sua\/","og_locale":"vi_VN","og_type":"article","og_title":"Sinh t\u1ed1 \u0111\u1eadu xanh s\u1eefa \u2013 Thanh m\u00e1t, d\u1ec5 u\u1ed1ng m\u1ed7i ng\u00e0y","og_description":"Sinh t\u1ed1 \u0111\u1eadu xanh s\u1eefa thanh m\u00e1t, gi\u00fap gi\u1ea3i nhi\u1ec7t c\u01a1 th\u1ec3, v\u1ecb b\u00e9o nh\u1eb9 d\u1ec5 u\u1ed1ng. L\u1ef1a ch\u1ecdn healthy quen thu\u1ed9c, ph\u00f9 h\u1ee3p m\u1ecdi \u0111\u1ed1i t\u01b0\u1ee3ng.","og_url":"https:\/\/thucuonghealthy.azdigi.shop\/index.php\/san-pham\/sinh-to-dau-xanh-sua\/","og_site_name":"thucuonghealthy","article_modified_time":"2026-04-01T22:05:47+00:00","og_image":[{"width":853,"height":1280,"url":"https:\/\/thucuonghealthy.azdigi.shop\/wp-content\/uploads\/2026\/04\/z7677116492889_842fbc3f49655fb4d667ee1bc842ab1d-1.jpg","type":"image\/jpeg"}],"twitter_card":"summary_large_image","twitter_misc":{"\u01af\u1edbc t\u00ednh th\u1eddi gian \u0111\u1ecdc":"1 ph\u00fat"},"schema":{"@context":"https:\/\/schema.org","@graph":[{"@type":"WebPage","@id":"https:\/\/thucuonghealthy.azdigi.shop\/index.php\/san-pham\/sinh-to-dau-xanh-sua\/","url":"https:\/\/thucuonghealthy.azdigi.shop\/index.php\/san-pham\/sinh-to-dau-xanh-sua\/","name":"Sinh t\u1ed1 \u0111\u1eadu xanh s\u1eefa \u2013 Thanh m\u00e1t, d\u1ec5 u\u1ed1ng m\u1ed7i ng\u00e0y","isPartOf":{"@id":"https:\/\/thucuonghealthy.azdigi.shop\/#website"},"primaryImageOfPage":{"@id":"https:\/\/thucuonghealthy.azdigi.shop\/index.php\/san-pham\/sinh-to-dau-xanh-sua\/#primaryimage"},"image":{"@id":"https:\/\/thucuonghealthy.azdigi.shop\/index.php\/san-pham\/sinh-to-dau-xanh-sua\/#primaryimage"},"thumbnailUrl":"https:\/\/thucuonghealthy.azdigi.shop\/wp-content\/uploads\/2026\/04\/z7677116492889_842fbc3f49655fb4d667ee1bc842ab1d-1.jpg","datePublished":"2026-04-01T22:00:33+00:00","dateModified":"2026-04-01T22:05:47+00:00","description":"Sinh t\u1ed1 \u0111\u1eadu xanh s\u1eefa thanh m\u00e1t, gi\u00fap gi\u1ea3i nhi\u1ec7t c\u01a1 th\u1ec3, v\u1ecb b\u00e9o nh\u1eb9 d\u1ec5 u\u1ed1ng. L\u1ef1a ch\u1ecdn healthy quen thu\u1ed9c, ph\u00f9 h\u1ee3p m\u1ecdi \u0111\u1ed1i t\u01b0\u1ee3ng.","breadcrumb":{"@id":"https:\/\/thucuonghealthy.azdigi.shop\/index.php\/san-pham\/sinh-to-dau-xanh-sua\/#breadcrumb"},"inLanguage":"vi","potentialAction":[{"@type":"ReadAction","target":["https:\/\/thucuonghealthy.azdigi.shop\/index.php\/san-pham\/sinh-to-dau-xanh-sua\/"]}]},{"@type":"ImageObject","inLanguage":"vi","@id":"https:\/\/thucuonghealthy.azdigi.shop\/index.php\/san-pham\/sinh-to-dau-xanh-sua\/#primaryimage","url":"https:\/\/thucuonghealthy.azdigi.shop\/wp-content\/uploads\/2026\/04\/z7677116492889_842fbc3f49655fb4d667ee1bc842ab1d-1.jpg","contentUrl":"https:\/\/thucuonghealthy.azdigi.shop\/wp-content\/uploads\/2026\/04\/z7677116492889_842fbc3f49655fb4d667ee1bc842ab1d-1.jpg","width":853,"height":1280},{"@type":"BreadcrumbList","@id":"https:\/\/thucuonghealthy.azdigi.shop\/index.php\/san-pham\/sinh-to-dau-xanh-sua\/#breadcrumb","itemListElement":[{"@type":"ListItem","position":1,"name":"Trang ch\u1ee7","item":"https:\/\/thucuonghealthy.azdigi.shop\/"},{"@type":"ListItem","position":2,"name":"C\u1eeda h\u00e0ng","item":"https:\/\/thucuonghealthy.azdigi.shop\/index.php\/cua-hang\/"},{"@type":"ListItem","position":3,"name":"Sinh t\u1ed1 \u0111\u1eadu xanh s\u1eefa"}]},{"@type":"WebSite","@id":"https:\/\/thucuonghealthy.azdigi.shop\/#website","url":"https:\/\/thucuonghealthy.azdigi.shop\/","name":"thucuonghealthy","description":"N\u1eb7ng l\u01b0\u1ee3ng xanh cho ng\u00e0y m\u1edbi","potentialAction":[{"@type":"SearchAction","target":{"@type":"EntryPoint","urlTemplate":"https:\/\/thucuonghealthy.azdigi.shop\/?s={search_term_string}"},"query-input":{"@type":"PropertyValueSpecification","valueRequired":true,"valueName":"search_term_string"}}],"inLanguage":"vi"}]}},"_links":{"self":[{"href":"https:\/\/thucuonghealthy.azdigi.shop\/index.php\/wp-json\/wp\/v2\/product\/227","targetHints":{"allow":["GET"]}}],"collection":[{"href":"https:\/\/thucuonghealthy.azdigi.shop\/index.php\/wp-json\/wp\/v2\/product"}],"about":[{"href":"https:\/\/thucuonghealthy.azdigi.shop\/index.php\/wp-json\/wp\/v2\/types\/product"}],"replies":[{"embeddable":true,"href":"https:\/\/thucuonghealthy.azdigi.shop\/index.php\/wp-json\/wp\/v2\/comments?post=227"}],"wp:featuredmedia":[{"embeddable":true,"href":"https:\/\/thucuonghealthy.azdigi.shop\/index.php\/wp-json\/wp\/v2\/media\/229"}],"wp:attachment":[{"href":"https:\/\/thucuonghealthy.azdigi.shop\/index.php\/wp-json\/wp\/v2\/media?parent=227"}],"wp:term":[{"taxonomy":"product_brand","embeddable":true,"href":"https:\/\/thucuonghealthy.azdigi.shop\/index.php\/wp-json\/wp\/v2\/product_brand?post=227"},{"taxonomy":"product_cat","embeddable":true,"href":"https:\/\/thucuonghealthy.azdigi.shop\/index.php\/wp-json\/wp\/v2\/product_cat?post=227"},{"taxonomy":"product_tag","embeddable":true,"href":"https:\/\/thucuonghealthy.azdigi.shop\/index.php\/wp-json\/wp\/v2\/product_tag?post=227"}],"curies":[{"name":"wp","href":"https:\/\/api.w.org\/{rel}","templated":true}]}}