{"id":232,"date":"2026-04-01T22:13:23","date_gmt":"2026-04-01T22:13:23","guid":{"rendered":"https:\/\/thucuonghealthy.azdigi.shop\/?post_type=product&#038;p=232"},"modified":"2026-04-01T22:13:23","modified_gmt":"2026-04-01T22:13:23","slug":"detox-chanh-dua-leo-bac-ha","status":"publish","type":"product","link":"https:\/\/thucuonghealthy.azdigi.shop\/index.php\/san-pham\/detox-chanh-dua-leo-bac-ha\/","title":{"rendered":"Detox chanh, d\u01b0a leo, b\u1ea1c h\u00e0"},"content":{"rendered":"<p>M\u00f4 t\u1ea3: S\u1ef1 k\u1ebft h\u1ee3p gi\u1eefa chanh t\u01b0\u01a1i, d\u01b0a leo v\u00e0 l\u00e1 b\u1ea1c h\u00e0 mang \u0111\u1ebfn th\u1ee9c u\u1ed1ng m\u00e1t l\u00e0nh, gi\u00fap thanh l\u1ecdc c\u01a1 th\u1ec3 v\u00e0 h\u1ed7 tr\u1ee3 gi\u1ea3m c\u00e2n. H\u01b0\u01a1ng v\u1ecb nh\u1eb9 nh\u00e0ng, d\u1ec5 u\u1ed1ng, ph\u00f9 h\u1ee3p d\u00f9ng m\u1ed7i ng\u00e0y.<\/p>\n","protected":false},"excerpt":{"rendered":"<p>M\u00f4 t\u1ea3: S\u1ef1 k\u1ebft h\u1ee3p gi\u1eefa chanh t\u01b0\u01a1i, d\u01b0a leo v\u00e0 l\u00e1 b\u1ea1c h\u00e0 mang \u0111\u1ebfn th\u1ee9c u\u1ed1ng m\u00e1t l\u00e0nh, gi\u00fap thanh l\u1ecdc c\u01a1 th\u1ec3 v\u00e0 h\u1ed7 tr\u1ee3 gi\u1ea3m c\u00e2n. H\u01b0\u01a1ng v\u1ecb nh\u1eb9 nh\u00e0ng, d\u1ec5 u\u1ed1ng, ph\u00f9 h\u1ee3p d\u00f9ng m\u1ed7i ng\u00e0y.<\/p>\n","protected":false},"featured_media":233,"comment_status":"open","ping_status":"closed","template":"","meta":[],"product_brand":[],"product_cat":[18],"product_tag":[],"class_list":{"0":"post-232","1":"product","2":"type-product","3":"status-publish","4":"has-post-thumbnail","6":"product_cat-nuoc-detox","8":"first","9":"instock","10":"sale","11":"shipping-taxable","12":"purchasable","13":"product-type-simple"},"yoast_head":"<!-- This site is optimized with the Yoast SEO plugin v27.2 - https:\/\/yoast.com\/product\/yoast-seo-wordpress\/ -->\n<title>Detox Chanh D\u01b0a Leo B\u1ea1c H\u00e0 \u2013 Thanh L\u1ecdc C\u01a1 Th\u1ec3, \u0110\u1eb9p Da<\/title>\n<meta name=\"description\" content=\"N\u01b0\u1edbc detox chanh d\u01b0a leo b\u1ea1c h\u00e0 gi\u00fap thanh l\u1ecdc c\u01a1 th\u1ec3, gi\u1ea3m c\u00e2n v\u00e0 l\u00e0m \u0111\u1eb9p da t\u1ef1 nhi\u00ean.\" \/>\n<meta name=\"robots\" content=\"index, follow, max-snippet:-1, max-image-preview:large, max-video-preview:-1\" \/>\n<link rel=\"canonical\" href=\"https:\/\/thucuonghealthy.azdigi.shop\/index.php\/san-pham\/detox-chanh-dua-leo-bac-ha\/\" \/>\n<meta property=\"og:locale\" content=\"vi_VN\" \/>\n<meta property=\"og:type\" content=\"article\" \/>\n<meta property=\"og:title\" content=\"Detox Chanh D\u01b0a Leo B\u1ea1c H\u00e0 \u2013 Thanh L\u1ecdc C\u01a1 Th\u1ec3, \u0110\u1eb9p Da\" \/>\n<meta property=\"og:description\" content=\"N\u01b0\u1edbc detox chanh d\u01b0a leo b\u1ea1c h\u00e0 gi\u00fap thanh l\u1ecdc c\u01a1 th\u1ec3, gi\u1ea3m c\u00e2n v\u00e0 l\u00e0m \u0111\u1eb9p da t\u1ef1 nhi\u00ean.\" \/>\n<meta property=\"og:url\" content=\"https:\/\/thucuonghealthy.azdigi.shop\/index.php\/san-pham\/detox-chanh-dua-leo-bac-ha\/\" \/>\n<meta property=\"og:site_name\" content=\"thucuonghealthy\" \/>\n<meta property=\"og:image\" content=\"https:\/\/thucuonghealthy.azdigi.shop\/wp-content\/uploads\/2026\/04\/ChatGPT-Image-05_11_38-2-thg-4-2026-683x1024.png\" \/>\n\t<meta property=\"og:image:width\" content=\"683\" \/>\n\t<meta property=\"og:image:height\" content=\"1024\" \/>\n\t<meta property=\"og:image:type\" content=\"image\/png\" \/>\n<meta name=\"twitter:card\" content=\"summary_large_image\" \/>\n<meta name=\"twitter:label1\" content=\"\u01af\u1edbc t\u00ednh th\u1eddi gian \u0111\u1ecdc\" \/>\n\t<meta name=\"twitter:data1\" content=\"1 ph\u00fat\" \/>\n<script type=\"application\/ld+json\" class=\"yoast-schema-graph\">{\"@context\":\"https:\/\/schema.org\",\"@graph\":[{\"@type\":\"WebPage\",\"@id\":\"https:\/\/thucuonghealthy.azdigi.shop\/index.php\/san-pham\/detox-chanh-dua-leo-bac-ha\/\",\"url\":\"https:\/\/thucuonghealthy.azdigi.shop\/index.php\/san-pham\/detox-chanh-dua-leo-bac-ha\/\",\"name\":\"Detox Chanh D\u01b0a Leo B\u1ea1c H\u00e0 \u2013 Thanh L\u1ecdc C\u01a1 Th\u1ec3, \u0110\u1eb9p Da\",\"isPartOf\":{\"@id\":\"https:\/\/thucuonghealthy.azdigi.shop\/#website\"},\"primaryImageOfPage\":{\"@id\":\"https:\/\/thucuonghealthy.azdigi.shop\/index.php\/san-pham\/detox-chanh-dua-leo-bac-ha\/#primaryimage\"},\"image\":{\"@id\":\"https:\/\/thucuonghealthy.azdigi.shop\/index.php\/san-pham\/detox-chanh-dua-leo-bac-ha\/#primaryimage\"},\"thumbnailUrl\":\"https:\/\/thucuonghealthy.azdigi.shop\/wp-content\/uploads\/2026\/04\/ChatGPT-Image-05_11_38-2-thg-4-2026.png\",\"datePublished\":\"2026-04-01T22:13:23+00:00\",\"description\":\"N\u01b0\u1edbc detox chanh d\u01b0a leo b\u1ea1c h\u00e0 gi\u00fap thanh l\u1ecdc c\u01a1 th\u1ec3, gi\u1ea3m c\u00e2n v\u00e0 l\u00e0m \u0111\u1eb9p da t\u1ef1 nhi\u00ean.\",\"breadcrumb\":{\"@id\":\"https:\/\/thucuonghealthy.azdigi.shop\/index.php\/san-pham\/detox-chanh-dua-leo-bac-ha\/#breadcrumb\"},\"inLanguage\":\"vi\",\"potentialAction\":[{\"@type\":\"ReadAction\",\"target\":[\"https:\/\/thucuonghealthy.azdigi.shop\/index.php\/san-pham\/detox-chanh-dua-leo-bac-ha\/\"]}]},{\"@type\":\"ImageObject\",\"inLanguage\":\"vi\",\"@id\":\"https:\/\/thucuonghealthy.azdigi.shop\/index.php\/san-pham\/detox-chanh-dua-leo-bac-ha\/#primaryimage\",\"url\":\"https:\/\/thucuonghealthy.azdigi.shop\/wp-content\/uploads\/2026\/04\/ChatGPT-Image-05_11_38-2-thg-4-2026.png\",\"contentUrl\":\"https:\/\/thucuonghealthy.azdigi.shop\/wp-content\/uploads\/2026\/04\/ChatGPT-Image-05_11_38-2-thg-4-2026.png\",\"width\":1024,\"height\":1536},{\"@type\":\"BreadcrumbList\",\"@id\":\"https:\/\/thucuonghealthy.azdigi.shop\/index.php\/san-pham\/detox-chanh-dua-leo-bac-ha\/#breadcrumb\",\"itemListElement\":[{\"@type\":\"ListItem\",\"position\":1,\"name\":\"Trang ch\u1ee7\",\"item\":\"https:\/\/thucuonghealthy.azdigi.shop\/\"},{\"@type\":\"ListItem\",\"position\":2,\"name\":\"C\u1eeda h\u00e0ng\",\"item\":\"https:\/\/thucuonghealthy.azdigi.shop\/index.php\/cua-hang\/\"},{\"@type\":\"ListItem\",\"position\":3,\"name\":\"Detox chanh, d\u01b0a leo, b\u1ea1c h\u00e0\"}]},{\"@type\":\"WebSite\",\"@id\":\"https:\/\/thucuonghealthy.azdigi.shop\/#website\",\"url\":\"https:\/\/thucuonghealthy.azdigi.shop\/\",\"name\":\"thucuonghealthy\",\"description\":\"N\u1eb7ng l\u01b0\u1ee3ng xanh cho ng\u00e0y m\u1edbi\",\"potentialAction\":[{\"@type\":\"SearchAction\",\"target\":{\"@type\":\"EntryPoint\",\"urlTemplate\":\"https:\/\/thucuonghealthy.azdigi.shop\/?s={search_term_string}\"},\"query-input\":{\"@type\":\"PropertyValueSpecification\",\"valueRequired\":true,\"valueName\":\"search_term_string\"}}],\"inLanguage\":\"vi\"}]}<\/script>\n<!-- \/ Yoast SEO plugin. -->","yoast_head_json":{"title":"Detox Chanh D\u01b0a Leo B\u1ea1c H\u00e0 \u2013 Thanh L\u1ecdc C\u01a1 Th\u1ec3, \u0110\u1eb9p Da","description":"N\u01b0\u1edbc detox chanh d\u01b0a leo b\u1ea1c h\u00e0 gi\u00fap thanh l\u1ecdc c\u01a1 th\u1ec3, gi\u1ea3m c\u00e2n v\u00e0 l\u00e0m \u0111\u1eb9p da t\u1ef1 nhi\u00ean.","robots":{"index":"index","follow":"follow","max-snippet":"max-snippet:-1","max-image-preview":"max-image-preview:large","max-video-preview":"max-video-preview:-1"},"canonical":"https:\/\/thucuonghealthy.azdigi.shop\/index.php\/san-pham\/detox-chanh-dua-leo-bac-ha\/","og_locale":"vi_VN","og_type":"article","og_title":"Detox Chanh D\u01b0a Leo B\u1ea1c H\u00e0 \u2013 Thanh L\u1ecdc C\u01a1 Th\u1ec3, \u0110\u1eb9p Da","og_description":"N\u01b0\u1edbc detox chanh d\u01b0a leo b\u1ea1c h\u00e0 gi\u00fap thanh l\u1ecdc c\u01a1 th\u1ec3, gi\u1ea3m c\u00e2n v\u00e0 l\u00e0m \u0111\u1eb9p da t\u1ef1 nhi\u00ean.","og_url":"https:\/\/thucuonghealthy.azdigi.shop\/index.php\/san-pham\/detox-chanh-dua-leo-bac-ha\/","og_site_name":"thucuonghealthy","og_image":[{"width":683,"height":1024,"url":"https:\/\/thucuonghealthy.azdigi.shop\/wp-content\/uploads\/2026\/04\/ChatGPT-Image-05_11_38-2-thg-4-2026-683x1024.png","type":"image\/png"}],"twitter_card":"summary_large_image","twitter_misc":{"\u01af\u1edbc t\u00ednh th\u1eddi gian \u0111\u1ecdc":"1 ph\u00fat"},"schema":{"@context":"https:\/\/schema.org","@graph":[{"@type":"WebPage","@id":"https:\/\/thucuonghealthy.azdigi.shop\/index.php\/san-pham\/detox-chanh-dua-leo-bac-ha\/","url":"https:\/\/thucuonghealthy.azdigi.shop\/index.php\/san-pham\/detox-chanh-dua-leo-bac-ha\/","name":"Detox Chanh D\u01b0a Leo B\u1ea1c H\u00e0 \u2013 Thanh L\u1ecdc C\u01a1 Th\u1ec3, \u0110\u1eb9p Da","isPartOf":{"@id":"https:\/\/thucuonghealthy.azdigi.shop\/#website"},"primaryImageOfPage":{"@id":"https:\/\/thucuonghealthy.azdigi.shop\/index.php\/san-pham\/detox-chanh-dua-leo-bac-ha\/#primaryimage"},"image":{"@id":"https:\/\/thucuonghealthy.azdigi.shop\/index.php\/san-pham\/detox-chanh-dua-leo-bac-ha\/#primaryimage"},"thumbnailUrl":"https:\/\/thucuonghealthy.azdigi.shop\/wp-content\/uploads\/2026\/04\/ChatGPT-Image-05_11_38-2-thg-4-2026.png","datePublished":"2026-04-01T22:13:23+00:00","description":"N\u01b0\u1edbc detox chanh d\u01b0a leo b\u1ea1c h\u00e0 gi\u00fap thanh l\u1ecdc c\u01a1 th\u1ec3, gi\u1ea3m c\u00e2n v\u00e0 l\u00e0m \u0111\u1eb9p da t\u1ef1 nhi\u00ean.","breadcrumb":{"@id":"https:\/\/thucuonghealthy.azdigi.shop\/index.php\/san-pham\/detox-chanh-dua-leo-bac-ha\/#breadcrumb"},"inLanguage":"vi","potentialAction":[{"@type":"ReadAction","target":["https:\/\/thucuonghealthy.azdigi.shop\/index.php\/san-pham\/detox-chanh-dua-leo-bac-ha\/"]}]},{"@type":"ImageObject","inLanguage":"vi","@id":"https:\/\/thucuonghealthy.azdigi.shop\/index.php\/san-pham\/detox-chanh-dua-leo-bac-ha\/#primaryimage","url":"https:\/\/thucuonghealthy.azdigi.shop\/wp-content\/uploads\/2026\/04\/ChatGPT-Image-05_11_38-2-thg-4-2026.png","contentUrl":"https:\/\/thucuonghealthy.azdigi.shop\/wp-content\/uploads\/2026\/04\/ChatGPT-Image-05_11_38-2-thg-4-2026.png","width":1024,"height":1536},{"@type":"BreadcrumbList","@id":"https:\/\/thucuonghealthy.azdigi.shop\/index.php\/san-pham\/detox-chanh-dua-leo-bac-ha\/#breadcrumb","itemListElement":[{"@type":"ListItem","position":1,"name":"Trang ch\u1ee7","item":"https:\/\/thucuonghealthy.azdigi.shop\/"},{"@type":"ListItem","position":2,"name":"C\u1eeda h\u00e0ng","item":"https:\/\/thucuonghealthy.azdigi.shop\/index.php\/cua-hang\/"},{"@type":"ListItem","position":3,"name":"Detox chanh, d\u01b0a leo, b\u1ea1c h\u00e0"}]},{"@type":"WebSite","@id":"https:\/\/thucuonghealthy.azdigi.shop\/#website","url":"https:\/\/thucuonghealthy.azdigi.shop\/","name":"thucuonghealthy","description":"N\u1eb7ng l\u01b0\u1ee3ng xanh cho ng\u00e0y m\u1edbi","potentialAction":[{"@type":"SearchAction","target":{"@type":"EntryPoint","urlTemplate":"https:\/\/thucuonghealthy.azdigi.shop\/?s={search_term_string}"},"query-input":{"@type":"PropertyValueSpecification","valueRequired":true,"valueName":"search_term_string"}}],"inLanguage":"vi"}]}},"_links":{"self":[{"href":"https:\/\/thucuonghealthy.azdigi.shop\/index.php\/wp-json\/wp\/v2\/product\/232","targetHints":{"allow":["GET"]}}],"collection":[{"href":"https:\/\/thucuonghealthy.azdigi.shop\/index.php\/wp-json\/wp\/v2\/product"}],"about":[{"href":"https:\/\/thucuonghealthy.azdigi.shop\/index.php\/wp-json\/wp\/v2\/types\/product"}],"replies":[{"embeddable":true,"href":"https:\/\/thucuonghealthy.azdigi.shop\/index.php\/wp-json\/wp\/v2\/comments?post=232"}],"wp:featuredmedia":[{"embeddable":true,"href":"https:\/\/thucuonghealthy.azdigi.shop\/index.php\/wp-json\/wp\/v2\/media\/233"}],"wp:attachment":[{"href":"https:\/\/thucuonghealthy.azdigi.shop\/index.php\/wp-json\/wp\/v2\/media?parent=232"}],"wp:term":[{"taxonomy":"product_brand","embeddable":true,"href":"https:\/\/thucuonghealthy.azdigi.shop\/index.php\/wp-json\/wp\/v2\/product_brand?post=232"},{"taxonomy":"product_cat","embeddable":true,"href":"https:\/\/thucuonghealthy.azdigi.shop\/index.php\/wp-json\/wp\/v2\/product_cat?post=232"},{"taxonomy":"product_tag","embeddable":true,"href":"https:\/\/thucuonghealthy.azdigi.shop\/index.php\/wp-json\/wp\/v2\/product_tag?post=232"}],"curies":[{"name":"wp","href":"https:\/\/api.w.org\/{rel}","templated":true}]}}