{"id":234,"date":"2026-04-01T22:17:58","date_gmt":"2026-04-01T22:17:58","guid":{"rendered":"https:\/\/thucuonghealthy.azdigi.shop\/?post_type=product&#038;p=234"},"modified":"2026-04-02T12:04:08","modified_gmt":"2026-04-02T12:04:08","slug":"detox-tao-chanh-bac-ha","status":"publish","type":"product","link":"https:\/\/thucuonghealthy.azdigi.shop\/index.php\/san-pham\/detox-tao-chanh-bac-ha\/","title":{"rendered":"Detox t\u00e1o, chanh, b\u1ea1c h\u00e0"},"content":{"rendered":"<p>S\u1ef1 k\u1ebft h\u1ee3p gi\u1eefa t\u00e1o, chanh v\u00e0 b\u1ea1c h\u00e0 mang l\u1ea1i h\u01b0\u01a1ng v\u1ecb thanh nh\u1eb9, gi\u00fap h\u1ed7 tr\u1ee3 ti\u00eau h\u00f3a v\u00e0 thanh l\u1ecdc c\u01a1 th\u1ec3.<\/p>\n","protected":false},"excerpt":{"rendered":"<p>S\u1ef1 k\u1ebft h\u1ee3p gi\u1eefa t\u00e1o, chanh v\u00e0 b\u1ea1c h\u00e0 mang l\u1ea1i h\u01b0\u01a1ng v\u1ecb thanh nh\u1eb9, gi\u00fap h\u1ed7 tr\u1ee3 ti\u00eau h\u00f3a v\u00e0 thanh l\u1ecdc c\u01a1 th\u1ec3.<\/p>\n","protected":false},"featured_media":235,"comment_status":"open","ping_status":"closed","template":"","meta":[],"product_brand":[],"product_cat":[18],"product_tag":[],"class_list":{"0":"post-234","1":"product","2":"type-product","3":"status-publish","4":"has-post-thumbnail","6":"product_cat-nuoc-detox","8":"first","9":"instock","10":"shipping-taxable","11":"purchasable","12":"product-type-variable"},"yoast_head":"<!-- This site is optimized with the Yoast SEO plugin v27.2 - https:\/\/yoast.com\/product\/yoast-seo-wordpress\/ -->\n<title>Detox T\u00e1o Chanh B\u1ea1c H\u00e0 \u2013 Thanh L\u1ecdc, H\u1ed7 Tr\u1ee3 Ti\u00eau H\u00f3a<\/title>\n<meta name=\"description\" content=\"Detox t\u00e1o chanh b\u1ea1c h\u00e0 gi\u00fap thanh l\u1ecdc c\u01a1 th\u1ec3, h\u1ed7 tr\u1ee3 ti\u00eau h\u00f3a, gi\u1ea3m c\u1ea3m gi\u00e1c \u0111\u1ea7y b\u1ee5ng v\u00e0 mang l\u1ea1i l\u00e0n da t\u01b0\u01a1i s\u00e1ng. Th\u1ee9c u\u1ed1ng t\u1ef1 nhi\u00ean, d\u1ec5 u\u1ed1ng.\" \/>\n<meta name=\"robots\" content=\"index, follow, max-snippet:-1, max-image-preview:large, max-video-preview:-1\" \/>\n<link rel=\"canonical\" href=\"https:\/\/thucuonghealthy.azdigi.shop\/index.php\/san-pham\/detox-tao-chanh-bac-ha\/\" \/>\n<meta property=\"og:locale\" content=\"vi_VN\" \/>\n<meta property=\"og:type\" content=\"article\" \/>\n<meta property=\"og:title\" content=\"Detox T\u00e1o Chanh B\u1ea1c H\u00e0 \u2013 Thanh L\u1ecdc, H\u1ed7 Tr\u1ee3 Ti\u00eau H\u00f3a\" \/>\n<meta property=\"og:description\" content=\"Detox t\u00e1o chanh b\u1ea1c h\u00e0 gi\u00fap thanh l\u1ecdc c\u01a1 th\u1ec3, h\u1ed7 tr\u1ee3 ti\u00eau h\u00f3a, gi\u1ea3m c\u1ea3m gi\u00e1c \u0111\u1ea7y b\u1ee5ng v\u00e0 mang l\u1ea1i l\u00e0n da t\u01b0\u01a1i s\u00e1ng. Th\u1ee9c u\u1ed1ng t\u1ef1 nhi\u00ean, d\u1ec5 u\u1ed1ng.\" \/>\n<meta property=\"og:url\" content=\"https:\/\/thucuonghealthy.azdigi.shop\/index.php\/san-pham\/detox-tao-chanh-bac-ha\/\" \/>\n<meta property=\"og:site_name\" content=\"thucuonghealthy\" \/>\n<meta property=\"article:modified_time\" content=\"2026-04-02T12:04:08+00:00\" \/>\n<meta property=\"og:image\" content=\"https:\/\/thucuonghealthy.azdigi.shop\/wp-content\/uploads\/2026\/04\/f71b3e45-659e-4389-9cde-585e0428699c-683x1024.png\" \/>\n\t<meta property=\"og:image:width\" content=\"683\" \/>\n\t<meta property=\"og:image:height\" content=\"1024\" \/>\n\t<meta property=\"og:image:type\" content=\"image\/png\" \/>\n<meta name=\"twitter:card\" content=\"summary_large_image\" \/>\n<meta name=\"twitter:label1\" content=\"\u01af\u1edbc t\u00ednh th\u1eddi gian \u0111\u1ecdc\" \/>\n\t<meta name=\"twitter:data1\" content=\"1 ph\u00fat\" \/>\n<script type=\"application\/ld+json\" class=\"yoast-schema-graph\">{\"@context\":\"https:\/\/schema.org\",\"@graph\":[{\"@type\":\"WebPage\",\"@id\":\"https:\/\/thucuonghealthy.azdigi.shop\/index.php\/san-pham\/detox-tao-chanh-bac-ha\/\",\"url\":\"https:\/\/thucuonghealthy.azdigi.shop\/index.php\/san-pham\/detox-tao-chanh-bac-ha\/\",\"name\":\"Detox T\u00e1o Chanh B\u1ea1c H\u00e0 \u2013 Thanh L\u1ecdc, H\u1ed7 Tr\u1ee3 Ti\u00eau H\u00f3a\",\"isPartOf\":{\"@id\":\"https:\/\/thucuonghealthy.azdigi.shop\/#website\"},\"primaryImageOfPage\":{\"@id\":\"https:\/\/thucuonghealthy.azdigi.shop\/index.php\/san-pham\/detox-tao-chanh-bac-ha\/#primaryimage\"},\"image\":{\"@id\":\"https:\/\/thucuonghealthy.azdigi.shop\/index.php\/san-pham\/detox-tao-chanh-bac-ha\/#primaryimage\"},\"thumbnailUrl\":\"https:\/\/thucuonghealthy.azdigi.shop\/wp-content\/uploads\/2026\/04\/f71b3e45-659e-4389-9cde-585e0428699c.png\",\"datePublished\":\"2026-04-01T22:17:58+00:00\",\"dateModified\":\"2026-04-02T12:04:08+00:00\",\"description\":\"Detox t\u00e1o chanh b\u1ea1c h\u00e0 gi\u00fap thanh l\u1ecdc c\u01a1 th\u1ec3, h\u1ed7 tr\u1ee3 ti\u00eau h\u00f3a, gi\u1ea3m c\u1ea3m gi\u00e1c \u0111\u1ea7y b\u1ee5ng v\u00e0 mang l\u1ea1i l\u00e0n da t\u01b0\u01a1i s\u00e1ng. Th\u1ee9c u\u1ed1ng t\u1ef1 nhi\u00ean, d\u1ec5 u\u1ed1ng.\",\"breadcrumb\":{\"@id\":\"https:\/\/thucuonghealthy.azdigi.shop\/index.php\/san-pham\/detox-tao-chanh-bac-ha\/#breadcrumb\"},\"inLanguage\":\"vi\",\"potentialAction\":[{\"@type\":\"ReadAction\",\"target\":[\"https:\/\/thucuonghealthy.azdigi.shop\/index.php\/san-pham\/detox-tao-chanh-bac-ha\/\"]}]},{\"@type\":\"ImageObject\",\"inLanguage\":\"vi\",\"@id\":\"https:\/\/thucuonghealthy.azdigi.shop\/index.php\/san-pham\/detox-tao-chanh-bac-ha\/#primaryimage\",\"url\":\"https:\/\/thucuonghealthy.azdigi.shop\/wp-content\/uploads\/2026\/04\/f71b3e45-659e-4389-9cde-585e0428699c.png\",\"contentUrl\":\"https:\/\/thucuonghealthy.azdigi.shop\/wp-content\/uploads\/2026\/04\/f71b3e45-659e-4389-9cde-585e0428699c.png\",\"width\":1024,\"height\":1536},{\"@type\":\"BreadcrumbList\",\"@id\":\"https:\/\/thucuonghealthy.azdigi.shop\/index.php\/san-pham\/detox-tao-chanh-bac-ha\/#breadcrumb\",\"itemListElement\":[{\"@type\":\"ListItem\",\"position\":1,\"name\":\"Trang ch\u1ee7\",\"item\":\"https:\/\/thucuonghealthy.azdigi.shop\/\"},{\"@type\":\"ListItem\",\"position\":2,\"name\":\"C\u1eeda h\u00e0ng\",\"item\":\"https:\/\/thucuonghealthy.azdigi.shop\/index.php\/cua-hang\/\"},{\"@type\":\"ListItem\",\"position\":3,\"name\":\"Detox t\u00e1o, chanh, b\u1ea1c h\u00e0\"}]},{\"@type\":\"WebSite\",\"@id\":\"https:\/\/thucuonghealthy.azdigi.shop\/#website\",\"url\":\"https:\/\/thucuonghealthy.azdigi.shop\/\",\"name\":\"thucuonghealthy\",\"description\":\"N\u1eb7ng l\u01b0\u1ee3ng xanh cho ng\u00e0y m\u1edbi\",\"potentialAction\":[{\"@type\":\"SearchAction\",\"target\":{\"@type\":\"EntryPoint\",\"urlTemplate\":\"https:\/\/thucuonghealthy.azdigi.shop\/?s={search_term_string}\"},\"query-input\":{\"@type\":\"PropertyValueSpecification\",\"valueRequired\":true,\"valueName\":\"search_term_string\"}}],\"inLanguage\":\"vi\"}]}<\/script>\n<!-- \/ Yoast SEO plugin. -->","yoast_head_json":{"title":"Detox T\u00e1o Chanh B\u1ea1c H\u00e0 \u2013 Thanh L\u1ecdc, H\u1ed7 Tr\u1ee3 Ti\u00eau H\u00f3a","description":"Detox t\u00e1o chanh b\u1ea1c h\u00e0 gi\u00fap thanh l\u1ecdc c\u01a1 th\u1ec3, h\u1ed7 tr\u1ee3 ti\u00eau h\u00f3a, gi\u1ea3m c\u1ea3m gi\u00e1c \u0111\u1ea7y b\u1ee5ng v\u00e0 mang l\u1ea1i l\u00e0n da t\u01b0\u01a1i s\u00e1ng. Th\u1ee9c u\u1ed1ng t\u1ef1 nhi\u00ean, d\u1ec5 u\u1ed1ng.","robots":{"index":"index","follow":"follow","max-snippet":"max-snippet:-1","max-image-preview":"max-image-preview:large","max-video-preview":"max-video-preview:-1"},"canonical":"https:\/\/thucuonghealthy.azdigi.shop\/index.php\/san-pham\/detox-tao-chanh-bac-ha\/","og_locale":"vi_VN","og_type":"article","og_title":"Detox T\u00e1o Chanh B\u1ea1c H\u00e0 \u2013 Thanh L\u1ecdc, H\u1ed7 Tr\u1ee3 Ti\u00eau H\u00f3a","og_description":"Detox t\u00e1o chanh b\u1ea1c h\u00e0 gi\u00fap thanh l\u1ecdc c\u01a1 th\u1ec3, h\u1ed7 tr\u1ee3 ti\u00eau h\u00f3a, gi\u1ea3m c\u1ea3m gi\u00e1c \u0111\u1ea7y b\u1ee5ng v\u00e0 mang l\u1ea1i l\u00e0n da t\u01b0\u01a1i s\u00e1ng. Th\u1ee9c u\u1ed1ng t\u1ef1 nhi\u00ean, d\u1ec5 u\u1ed1ng.","og_url":"https:\/\/thucuonghealthy.azdigi.shop\/index.php\/san-pham\/detox-tao-chanh-bac-ha\/","og_site_name":"thucuonghealthy","article_modified_time":"2026-04-02T12:04:08+00:00","og_image":[{"width":683,"height":1024,"url":"https:\/\/thucuonghealthy.azdigi.shop\/wp-content\/uploads\/2026\/04\/f71b3e45-659e-4389-9cde-585e0428699c-683x1024.png","type":"image\/png"}],"twitter_card":"summary_large_image","twitter_misc":{"\u01af\u1edbc t\u00ednh th\u1eddi gian \u0111\u1ecdc":"1 ph\u00fat"},"schema":{"@context":"https:\/\/schema.org","@graph":[{"@type":"WebPage","@id":"https:\/\/thucuonghealthy.azdigi.shop\/index.php\/san-pham\/detox-tao-chanh-bac-ha\/","url":"https:\/\/thucuonghealthy.azdigi.shop\/index.php\/san-pham\/detox-tao-chanh-bac-ha\/","name":"Detox T\u00e1o Chanh B\u1ea1c H\u00e0 \u2013 Thanh L\u1ecdc, H\u1ed7 Tr\u1ee3 Ti\u00eau H\u00f3a","isPartOf":{"@id":"https:\/\/thucuonghealthy.azdigi.shop\/#website"},"primaryImageOfPage":{"@id":"https:\/\/thucuonghealthy.azdigi.shop\/index.php\/san-pham\/detox-tao-chanh-bac-ha\/#primaryimage"},"image":{"@id":"https:\/\/thucuonghealthy.azdigi.shop\/index.php\/san-pham\/detox-tao-chanh-bac-ha\/#primaryimage"},"thumbnailUrl":"https:\/\/thucuonghealthy.azdigi.shop\/wp-content\/uploads\/2026\/04\/f71b3e45-659e-4389-9cde-585e0428699c.png","datePublished":"2026-04-01T22:17:58+00:00","dateModified":"2026-04-02T12:04:08+00:00","description":"Detox t\u00e1o chanh b\u1ea1c h\u00e0 gi\u00fap thanh l\u1ecdc c\u01a1 th\u1ec3, h\u1ed7 tr\u1ee3 ti\u00eau h\u00f3a, gi\u1ea3m c\u1ea3m gi\u00e1c \u0111\u1ea7y b\u1ee5ng v\u00e0 mang l\u1ea1i l\u00e0n da t\u01b0\u01a1i s\u00e1ng. Th\u1ee9c u\u1ed1ng t\u1ef1 nhi\u00ean, d\u1ec5 u\u1ed1ng.","breadcrumb":{"@id":"https:\/\/thucuonghealthy.azdigi.shop\/index.php\/san-pham\/detox-tao-chanh-bac-ha\/#breadcrumb"},"inLanguage":"vi","potentialAction":[{"@type":"ReadAction","target":["https:\/\/thucuonghealthy.azdigi.shop\/index.php\/san-pham\/detox-tao-chanh-bac-ha\/"]}]},{"@type":"ImageObject","inLanguage":"vi","@id":"https:\/\/thucuonghealthy.azdigi.shop\/index.php\/san-pham\/detox-tao-chanh-bac-ha\/#primaryimage","url":"https:\/\/thucuonghealthy.azdigi.shop\/wp-content\/uploads\/2026\/04\/f71b3e45-659e-4389-9cde-585e0428699c.png","contentUrl":"https:\/\/thucuonghealthy.azdigi.shop\/wp-content\/uploads\/2026\/04\/f71b3e45-659e-4389-9cde-585e0428699c.png","width":1024,"height":1536},{"@type":"BreadcrumbList","@id":"https:\/\/thucuonghealthy.azdigi.shop\/index.php\/san-pham\/detox-tao-chanh-bac-ha\/#breadcrumb","itemListElement":[{"@type":"ListItem","position":1,"name":"Trang ch\u1ee7","item":"https:\/\/thucuonghealthy.azdigi.shop\/"},{"@type":"ListItem","position":2,"name":"C\u1eeda h\u00e0ng","item":"https:\/\/thucuonghealthy.azdigi.shop\/index.php\/cua-hang\/"},{"@type":"ListItem","position":3,"name":"Detox t\u00e1o, chanh, b\u1ea1c h\u00e0"}]},{"@type":"WebSite","@id":"https:\/\/thucuonghealthy.azdigi.shop\/#website","url":"https:\/\/thucuonghealthy.azdigi.shop\/","name":"thucuonghealthy","description":"N\u1eb7ng l\u01b0\u1ee3ng xanh cho ng\u00e0y m\u1edbi","potentialAction":[{"@type":"SearchAction","target":{"@type":"EntryPoint","urlTemplate":"https:\/\/thucuonghealthy.azdigi.shop\/?s={search_term_string}"},"query-input":{"@type":"PropertyValueSpecification","valueRequired":true,"valueName":"search_term_string"}}],"inLanguage":"vi"}]}},"_links":{"self":[{"href":"https:\/\/thucuonghealthy.azdigi.shop\/index.php\/wp-json\/wp\/v2\/product\/234","targetHints":{"allow":["GET"]}}],"collection":[{"href":"https:\/\/thucuonghealthy.azdigi.shop\/index.php\/wp-json\/wp\/v2\/product"}],"about":[{"href":"https:\/\/thucuonghealthy.azdigi.shop\/index.php\/wp-json\/wp\/v2\/types\/product"}],"replies":[{"embeddable":true,"href":"https:\/\/thucuonghealthy.azdigi.shop\/index.php\/wp-json\/wp\/v2\/comments?post=234"}],"wp:featuredmedia":[{"embeddable":true,"href":"https:\/\/thucuonghealthy.azdigi.shop\/index.php\/wp-json\/wp\/v2\/media\/235"}],"wp:attachment":[{"href":"https:\/\/thucuonghealthy.azdigi.shop\/index.php\/wp-json\/wp\/v2\/media?parent=234"}],"wp:term":[{"taxonomy":"product_brand","embeddable":true,"href":"https:\/\/thucuonghealthy.azdigi.shop\/index.php\/wp-json\/wp\/v2\/product_brand?post=234"},{"taxonomy":"product_cat","embeddable":true,"href":"https:\/\/thucuonghealthy.azdigi.shop\/index.php\/wp-json\/wp\/v2\/product_cat?post=234"},{"taxonomy":"product_tag","embeddable":true,"href":"https:\/\/thucuonghealthy.azdigi.shop\/index.php\/wp-json\/wp\/v2\/product_tag?post=234"}],"curies":[{"name":"wp","href":"https:\/\/api.w.org\/{rel}","templated":true}]}}