{"id":93,"date":"2026-03-18T14:28:50","date_gmt":"2026-03-18T14:28:50","guid":{"rendered":"https:\/\/thucuonghealthy.azdigi.shop\/?post_type=product&#038;p=93"},"modified":"2026-03-18T14:28:50","modified_gmt":"2026-03-18T14:28:50","slug":"smoothie-cai-kale-chuoi","status":"publish","type":"product","link":"https:\/\/thucuonghealthy.azdigi.shop\/index.php\/san-pham\/smoothie-cai-kale-chuoi\/","title":{"rendered":"Smoothie c\u1ea3i kale &#038; chu\u1ed1i"},"content":{"rendered":"<p>Smoothie c\u1ea3i kale v\u00e0 chu\u1ed1i l\u00e0 s\u1ef1 k\u1ebft h\u1ee3p gi\u1eefa c\u1ea3i kale gi\u00e0u ch\u1ea5t x\u01a1 v\u00e0 chu\u1ed1i ch\u00edn ng\u1ecdt t\u1ef1 nhi\u00ean, mang \u0111\u1ebfn th\u1ee9c u\u1ed1ng healthy th\u01a1m ngon v\u00e0 b\u1ed5 d\u01b0\u1ee1ng. C\u1ea3i kale cung c\u1ea5p nhi\u1ec1u vitamin v\u00e0 kho\u00e1ng ch\u1ea5t gi\u00fap t\u0103ng c\u01b0\u1eddng s\u1ee9c kh\u1ecfe, trong khi chu\u1ed1i gi\u00fap b\u1ed5 sung n\u0103ng l\u01b0\u1ee3ng v\u00e0 t\u1ea1o v\u1ecb ng\u1ecdt t\u1ef1 nhi\u00ean. \u0110\u00e2y l\u00e0 l\u1ef1a ch\u1ecdn l\u00fd t\u01b0\u1edfng cho nh\u1eefng ai mu\u1ed1n duy tr\u00ec l\u1ed1i s\u1ed1ng l\u00e0nh m\u1ea1nh v\u00e0 b\u1ed5 sung dinh d\u01b0\u1ee1ng m\u1ed7i ng\u00e0y<\/p>\n","protected":false},"excerpt":{"rendered":"<p>Smoothie c\u1ea3i kale v\u00e0 chu\u1ed1i l\u00e0 s\u1ef1 k\u1ebft h\u1ee3p gi\u1eefa c\u1ea3i kale gi\u00e0u ch\u1ea5t x\u01a1 v\u00e0 chu\u1ed1i ch\u00edn ng\u1ecdt t\u1ef1 nhi\u00ean, mang \u0111\u1ebfn th\u1ee9c u\u1ed1ng healthy th\u01a1m ngon v\u00e0 b\u1ed5 d\u01b0\u1ee1ng. C\u1ea3i kale cung c\u1ea5p nhi\u1ec1u vitamin v\u00e0 kho\u00e1ng ch\u1ea5t gi\u00fap t\u0103ng c\u01b0\u1eddng s\u1ee9c kh\u1ecfe, trong khi chu\u1ed1i gi\u00fap b\u1ed5 sung n\u0103ng l\u01b0\u1ee3ng v\u00e0 t\u1ea1o [&#8230;]\n","protected":false},"featured_media":96,"comment_status":"open","ping_status":"closed","template":"","meta":[],"product_brand":[],"product_cat":[16],"product_tag":[],"class_list":{"0":"post-93","1":"product","2":"type-product","3":"status-publish","4":"has-post-thumbnail","6":"product_cat-smoothie-trai-cay","8":"first","9":"instock","10":"sale","11":"shipping-taxable","12":"purchasable","13":"product-type-simple"},"yoast_head":"<!-- This site is optimized with the Yoast SEO plugin v27.2 - https:\/\/yoast.com\/product\/yoast-seo-wordpress\/ -->\n<title>Smoothie c\u1ea3i kale &amp; chu\u1ed1i - \u0110\u1ed3 u\u1ed1ng t\u1ed1t cho s\u1ee9c kh\u1ecfe m\u1ed7i ng\u00e0y<\/title>\n<meta name=\"description\" content=\"Smoothie c\u1ea3i kale v\u00e0 chu\u1ed1i l\u00e0 s\u1ef1 k\u1ebft h\u1ee3p gi\u1eefa c\u1ea3i kale gi\u00e0u ch\u1ea5t x\u01a1 v\u00e0 chu\u1ed1i ng\u1ecdt t\u1ef1 nhi\u00ean, mang \u0111\u1ebfn th\u1ee9c u\u1ed1ng healthy b\u1ed5 d\u01b0\u1ee1ng gi\u00fap t\u0103ng c\u01b0\u1eddng vitamin v\u00e0 n\u0103ng l\u01b0\u1ee3ng cho c\u01a1 th\u1ec3.\" \/>\n<meta name=\"robots\" content=\"index, follow, max-snippet:-1, max-image-preview:large, max-video-preview:-1\" \/>\n<link rel=\"canonical\" href=\"https:\/\/thucuonghealthy.azdigi.shop\/index.php\/san-pham\/smoothie-cai-kale-chuoi\/\" \/>\n<meta property=\"og:locale\" content=\"vi_VN\" \/>\n<meta property=\"og:type\" content=\"article\" \/>\n<meta property=\"og:title\" content=\"Smoothie c\u1ea3i kale &amp; chu\u1ed1i - \u0110\u1ed3 u\u1ed1ng t\u1ed1t cho s\u1ee9c kh\u1ecfe m\u1ed7i ng\u00e0y\" \/>\n<meta property=\"og:description\" content=\"Smoothie c\u1ea3i kale v\u00e0 chu\u1ed1i l\u00e0 s\u1ef1 k\u1ebft h\u1ee3p gi\u1eefa c\u1ea3i kale gi\u00e0u ch\u1ea5t x\u01a1 v\u00e0 chu\u1ed1i ng\u1ecdt t\u1ef1 nhi\u00ean, mang \u0111\u1ebfn th\u1ee9c u\u1ed1ng healthy b\u1ed5 d\u01b0\u1ee1ng gi\u00fap t\u0103ng c\u01b0\u1eddng vitamin v\u00e0 n\u0103ng l\u01b0\u1ee3ng cho c\u01a1 th\u1ec3.\" \/>\n<meta property=\"og:url\" content=\"https:\/\/thucuonghealthy.azdigi.shop\/index.php\/san-pham\/smoothie-cai-kale-chuoi\/\" \/>\n<meta property=\"og:site_name\" content=\"thucuonghealthy\" \/>\n<meta property=\"og:image\" content=\"https:\/\/thucuonghealthy.azdigi.shop\/wp-content\/uploads\/2026\/03\/z7634325128297_04090cd2c4db40fba7fb62230bdcc012.jpg\" \/>\n\t<meta property=\"og:image:width\" content=\"1024\" \/>\n\t<meta property=\"og:image:height\" content=\"1024\" \/>\n\t<meta property=\"og:image:type\" content=\"image\/jpeg\" \/>\n<meta name=\"twitter:card\" content=\"summary_large_image\" \/>\n<meta name=\"twitter:label1\" content=\"\u01af\u1edbc t\u00ednh th\u1eddi gian \u0111\u1ecdc\" \/>\n\t<meta name=\"twitter:data1\" content=\"1 ph\u00fat\" \/>\n<script type=\"application\/ld+json\" class=\"yoast-schema-graph\">{\"@context\":\"https:\/\/schema.org\",\"@graph\":[{\"@type\":\"WebPage\",\"@id\":\"https:\/\/thucuonghealthy.azdigi.shop\/index.php\/san-pham\/smoothie-cai-kale-chuoi\/\",\"url\":\"https:\/\/thucuonghealthy.azdigi.shop\/index.php\/san-pham\/smoothie-cai-kale-chuoi\/\",\"name\":\"Smoothie c\u1ea3i kale & chu\u1ed1i - \u0110\u1ed3 u\u1ed1ng t\u1ed1t cho s\u1ee9c kh\u1ecfe m\u1ed7i ng\u00e0y\",\"isPartOf\":{\"@id\":\"https:\/\/thucuonghealthy.azdigi.shop\/#website\"},\"primaryImageOfPage\":{\"@id\":\"https:\/\/thucuonghealthy.azdigi.shop\/index.php\/san-pham\/smoothie-cai-kale-chuoi\/#primaryimage\"},\"image\":{\"@id\":\"https:\/\/thucuonghealthy.azdigi.shop\/index.php\/san-pham\/smoothie-cai-kale-chuoi\/#primaryimage\"},\"thumbnailUrl\":\"https:\/\/thucuonghealthy.azdigi.shop\/wp-content\/uploads\/2026\/03\/z7634325128297_04090cd2c4db40fba7fb62230bdcc012.jpg\",\"datePublished\":\"2026-03-18T14:28:50+00:00\",\"description\":\"Smoothie c\u1ea3i kale v\u00e0 chu\u1ed1i l\u00e0 s\u1ef1 k\u1ebft h\u1ee3p gi\u1eefa c\u1ea3i kale gi\u00e0u ch\u1ea5t x\u01a1 v\u00e0 chu\u1ed1i ng\u1ecdt t\u1ef1 nhi\u00ean, mang \u0111\u1ebfn th\u1ee9c u\u1ed1ng healthy b\u1ed5 d\u01b0\u1ee1ng gi\u00fap t\u0103ng c\u01b0\u1eddng vitamin v\u00e0 n\u0103ng l\u01b0\u1ee3ng cho c\u01a1 th\u1ec3.\",\"breadcrumb\":{\"@id\":\"https:\/\/thucuonghealthy.azdigi.shop\/index.php\/san-pham\/smoothie-cai-kale-chuoi\/#breadcrumb\"},\"inLanguage\":\"vi\",\"potentialAction\":[{\"@type\":\"ReadAction\",\"target\":[\"https:\/\/thucuonghealthy.azdigi.shop\/index.php\/san-pham\/smoothie-cai-kale-chuoi\/\"]}]},{\"@type\":\"ImageObject\",\"inLanguage\":\"vi\",\"@id\":\"https:\/\/thucuonghealthy.azdigi.shop\/index.php\/san-pham\/smoothie-cai-kale-chuoi\/#primaryimage\",\"url\":\"https:\/\/thucuonghealthy.azdigi.shop\/wp-content\/uploads\/2026\/03\/z7634325128297_04090cd2c4db40fba7fb62230bdcc012.jpg\",\"contentUrl\":\"https:\/\/thucuonghealthy.azdigi.shop\/wp-content\/uploads\/2026\/03\/z7634325128297_04090cd2c4db40fba7fb62230bdcc012.jpg\",\"width\":1024,\"height\":1024,\"caption\":\"Smoothie c\u1ea3i kale & chu\u1ed1i\"},{\"@type\":\"BreadcrumbList\",\"@id\":\"https:\/\/thucuonghealthy.azdigi.shop\/index.php\/san-pham\/smoothie-cai-kale-chuoi\/#breadcrumb\",\"itemListElement\":[{\"@type\":\"ListItem\",\"position\":1,\"name\":\"Trang ch\u1ee7\",\"item\":\"https:\/\/thucuonghealthy.azdigi.shop\/\"},{\"@type\":\"ListItem\",\"position\":2,\"name\":\"C\u1eeda h\u00e0ng\",\"item\":\"https:\/\/thucuonghealthy.azdigi.shop\/index.php\/cua-hang\/\"},{\"@type\":\"ListItem\",\"position\":3,\"name\":\"Smoothie c\u1ea3i kale &#038; chu\u1ed1i\"}]},{\"@type\":\"WebSite\",\"@id\":\"https:\/\/thucuonghealthy.azdigi.shop\/#website\",\"url\":\"https:\/\/thucuonghealthy.azdigi.shop\/\",\"name\":\"thucuonghealthy\",\"description\":\"N\u1eb7ng l\u01b0\u1ee3ng xanh cho ng\u00e0y m\u1edbi\",\"potentialAction\":[{\"@type\":\"SearchAction\",\"target\":{\"@type\":\"EntryPoint\",\"urlTemplate\":\"https:\/\/thucuonghealthy.azdigi.shop\/?s={search_term_string}\"},\"query-input\":{\"@type\":\"PropertyValueSpecification\",\"valueRequired\":true,\"valueName\":\"search_term_string\"}}],\"inLanguage\":\"vi\"}]}<\/script>\n<!-- \/ Yoast SEO plugin. -->","yoast_head_json":{"title":"Smoothie c\u1ea3i kale & chu\u1ed1i - \u0110\u1ed3 u\u1ed1ng t\u1ed1t cho s\u1ee9c kh\u1ecfe m\u1ed7i ng\u00e0y","description":"Smoothie c\u1ea3i kale v\u00e0 chu\u1ed1i l\u00e0 s\u1ef1 k\u1ebft h\u1ee3p gi\u1eefa c\u1ea3i kale gi\u00e0u ch\u1ea5t x\u01a1 v\u00e0 chu\u1ed1i ng\u1ecdt t\u1ef1 nhi\u00ean, mang \u0111\u1ebfn th\u1ee9c u\u1ed1ng healthy b\u1ed5 d\u01b0\u1ee1ng gi\u00fap t\u0103ng c\u01b0\u1eddng vitamin v\u00e0 n\u0103ng l\u01b0\u1ee3ng cho c\u01a1 th\u1ec3.","robots":{"index":"index","follow":"follow","max-snippet":"max-snippet:-1","max-image-preview":"max-image-preview:large","max-video-preview":"max-video-preview:-1"},"canonical":"https:\/\/thucuonghealthy.azdigi.shop\/index.php\/san-pham\/smoothie-cai-kale-chuoi\/","og_locale":"vi_VN","og_type":"article","og_title":"Smoothie c\u1ea3i kale & chu\u1ed1i - \u0110\u1ed3 u\u1ed1ng t\u1ed1t cho s\u1ee9c kh\u1ecfe m\u1ed7i ng\u00e0y","og_description":"Smoothie c\u1ea3i kale v\u00e0 chu\u1ed1i l\u00e0 s\u1ef1 k\u1ebft h\u1ee3p gi\u1eefa c\u1ea3i kale gi\u00e0u ch\u1ea5t x\u01a1 v\u00e0 chu\u1ed1i ng\u1ecdt t\u1ef1 nhi\u00ean, mang \u0111\u1ebfn th\u1ee9c u\u1ed1ng healthy b\u1ed5 d\u01b0\u1ee1ng gi\u00fap t\u0103ng c\u01b0\u1eddng vitamin v\u00e0 n\u0103ng l\u01b0\u1ee3ng cho c\u01a1 th\u1ec3.","og_url":"https:\/\/thucuonghealthy.azdigi.shop\/index.php\/san-pham\/smoothie-cai-kale-chuoi\/","og_site_name":"thucuonghealthy","og_image":[{"width":1024,"height":1024,"url":"https:\/\/thucuonghealthy.azdigi.shop\/wp-content\/uploads\/2026\/03\/z7634325128297_04090cd2c4db40fba7fb62230bdcc012.jpg","type":"image\/jpeg"}],"twitter_card":"summary_large_image","twitter_misc":{"\u01af\u1edbc t\u00ednh th\u1eddi gian \u0111\u1ecdc":"1 ph\u00fat"},"schema":{"@context":"https:\/\/schema.org","@graph":[{"@type":"WebPage","@id":"https:\/\/thucuonghealthy.azdigi.shop\/index.php\/san-pham\/smoothie-cai-kale-chuoi\/","url":"https:\/\/thucuonghealthy.azdigi.shop\/index.php\/san-pham\/smoothie-cai-kale-chuoi\/","name":"Smoothie c\u1ea3i kale & chu\u1ed1i - \u0110\u1ed3 u\u1ed1ng t\u1ed1t cho s\u1ee9c kh\u1ecfe m\u1ed7i ng\u00e0y","isPartOf":{"@id":"https:\/\/thucuonghealthy.azdigi.shop\/#website"},"primaryImageOfPage":{"@id":"https:\/\/thucuonghealthy.azdigi.shop\/index.php\/san-pham\/smoothie-cai-kale-chuoi\/#primaryimage"},"image":{"@id":"https:\/\/thucuonghealthy.azdigi.shop\/index.php\/san-pham\/smoothie-cai-kale-chuoi\/#primaryimage"},"thumbnailUrl":"https:\/\/thucuonghealthy.azdigi.shop\/wp-content\/uploads\/2026\/03\/z7634325128297_04090cd2c4db40fba7fb62230bdcc012.jpg","datePublished":"2026-03-18T14:28:50+00:00","description":"Smoothie c\u1ea3i kale v\u00e0 chu\u1ed1i l\u00e0 s\u1ef1 k\u1ebft h\u1ee3p gi\u1eefa c\u1ea3i kale gi\u00e0u ch\u1ea5t x\u01a1 v\u00e0 chu\u1ed1i ng\u1ecdt t\u1ef1 nhi\u00ean, mang \u0111\u1ebfn th\u1ee9c u\u1ed1ng healthy b\u1ed5 d\u01b0\u1ee1ng gi\u00fap t\u0103ng c\u01b0\u1eddng vitamin v\u00e0 n\u0103ng l\u01b0\u1ee3ng cho c\u01a1 th\u1ec3.","breadcrumb":{"@id":"https:\/\/thucuonghealthy.azdigi.shop\/index.php\/san-pham\/smoothie-cai-kale-chuoi\/#breadcrumb"},"inLanguage":"vi","potentialAction":[{"@type":"ReadAction","target":["https:\/\/thucuonghealthy.azdigi.shop\/index.php\/san-pham\/smoothie-cai-kale-chuoi\/"]}]},{"@type":"ImageObject","inLanguage":"vi","@id":"https:\/\/thucuonghealthy.azdigi.shop\/index.php\/san-pham\/smoothie-cai-kale-chuoi\/#primaryimage","url":"https:\/\/thucuonghealthy.azdigi.shop\/wp-content\/uploads\/2026\/03\/z7634325128297_04090cd2c4db40fba7fb62230bdcc012.jpg","contentUrl":"https:\/\/thucuonghealthy.azdigi.shop\/wp-content\/uploads\/2026\/03\/z7634325128297_04090cd2c4db40fba7fb62230bdcc012.jpg","width":1024,"height":1024,"caption":"Smoothie c\u1ea3i kale & chu\u1ed1i"},{"@type":"BreadcrumbList","@id":"https:\/\/thucuonghealthy.azdigi.shop\/index.php\/san-pham\/smoothie-cai-kale-chuoi\/#breadcrumb","itemListElement":[{"@type":"ListItem","position":1,"name":"Trang ch\u1ee7","item":"https:\/\/thucuonghealthy.azdigi.shop\/"},{"@type":"ListItem","position":2,"name":"C\u1eeda h\u00e0ng","item":"https:\/\/thucuonghealthy.azdigi.shop\/index.php\/cua-hang\/"},{"@type":"ListItem","position":3,"name":"Smoothie c\u1ea3i kale &#038; chu\u1ed1i"}]},{"@type":"WebSite","@id":"https:\/\/thucuonghealthy.azdigi.shop\/#website","url":"https:\/\/thucuonghealthy.azdigi.shop\/","name":"thucuonghealthy","description":"N\u1eb7ng l\u01b0\u1ee3ng xanh cho ng\u00e0y m\u1edbi","potentialAction":[{"@type":"SearchAction","target":{"@type":"EntryPoint","urlTemplate":"https:\/\/thucuonghealthy.azdigi.shop\/?s={search_term_string}"},"query-input":{"@type":"PropertyValueSpecification","valueRequired":true,"valueName":"search_term_string"}}],"inLanguage":"vi"}]}},"_links":{"self":[{"href":"https:\/\/thucuonghealthy.azdigi.shop\/index.php\/wp-json\/wp\/v2\/product\/93","targetHints":{"allow":["GET"]}}],"collection":[{"href":"https:\/\/thucuonghealthy.azdigi.shop\/index.php\/wp-json\/wp\/v2\/product"}],"about":[{"href":"https:\/\/thucuonghealthy.azdigi.shop\/index.php\/wp-json\/wp\/v2\/types\/product"}],"replies":[{"embeddable":true,"href":"https:\/\/thucuonghealthy.azdigi.shop\/index.php\/wp-json\/wp\/v2\/comments?post=93"}],"wp:featuredmedia":[{"embeddable":true,"href":"https:\/\/thucuonghealthy.azdigi.shop\/index.php\/wp-json\/wp\/v2\/media\/96"}],"wp:attachment":[{"href":"https:\/\/thucuonghealthy.azdigi.shop\/index.php\/wp-json\/wp\/v2\/media?parent=93"}],"wp:term":[{"taxonomy":"product_brand","embeddable":true,"href":"https:\/\/thucuonghealthy.azdigi.shop\/index.php\/wp-json\/wp\/v2\/product_brand?post=93"},{"taxonomy":"product_cat","embeddable":true,"href":"https:\/\/thucuonghealthy.azdigi.shop\/index.php\/wp-json\/wp\/v2\/product_cat?post=93"},{"taxonomy":"product_tag","embeddable":true,"href":"https:\/\/thucuonghealthy.azdigi.shop\/index.php\/wp-json\/wp\/v2\/product_tag?post=93"}],"curies":[{"name":"wp","href":"https:\/\/api.w.org\/{rel}","templated":true}]}}